{"id":3214,"date":"2025-04-10T07:52:31","date_gmt":"2025-04-10T07:52:31","guid":{"rendered":"https:\/\/bloomintdesign.com\/?page_id=3214"},"modified":"2025-04-10T09:07:45","modified_gmt":"2025-04-10T09:07:45","slug":"design-dinterieur-en-emporda","status":"publish","type":"page","link":"https:\/\/bloomintdesign.com\/fr\/design-dinterieur-en-emporda\/","title":{"rendered":"Design d&#8217;int\u00e9rieur en Empord\u00e0"},"content":{"rendered":"\n<p><section class=\"h-home-slide-1 w-full relative js-group-1\">\n\t\t        \n\t<video class=\"js-video-h block w-full absolute pin-t pin-l object-cover z-0 h-full hidden lg:block\" autoplay=\"\" loop=\"\" muted=\"\" playsinline=\"\" poster=\"\">\n\t\t\t\n\t\t<source data-src=\"https:\/\/bloomintdesign.com\/wp-content\/uploads\/2025\/02\/Diseno-sin-titulo-1.mp4?raw=1\" type=\"video\/mp4\" src=\"https:\/\/bloomintdesign.com\/wp-content\/uploads\/2025\/02\/Diseno-sin-titulo-1.mp4?raw=1\">\n\t<\/video>\t\t\n\t<video class=\"js-video-v block w-full absolute pin-t pin-l object-cover z-0 h-full lg:hidden\" autoplay=\"\" loop=\"\" muted=\"\" playsinline=\"\" poster=\"\">\n\t\t\t\n\t\t<source data-src=\"https:\/\/bloomintdesign.com\/wp-content\/uploads\/2025\/02\/Diseno-sin-titulo-1.mp4?raw=1\" type=\"video\/mp4\">\n\t<\/video>\t\t\n\t\t    <\/section><\/p>\n\n\n\n<p><div class=\"py-2 px-5 w-full hidden lg:block\">\n\t\t\t\t\n\t\t\t\t<div class=\"flex justify-end items-center w-full\">\n\t\t\t\t\t\n\t\t\t\t\t<div class=\"border-t uppercase w-56 compressed\">\n\t\n\t\n\t<a href=\"http:\/\/eepurl.com\/dIdsH5\" class=\"leading-none border-b py-2 whitespace-nowrap arrow-after block\" target=\"_blank\" rel=\"noopener\">S\u2019inscrire<\/a>\n\n\n\n<\/div>\n\n\t\t\t\t<\/div>\n\n\t\t\t<\/div><\/p>\n\n\n\n<div style=\"height:80px\" aria-hidden=\"true\" class=\"wp-block-spacer\"><\/div>\n\n\n\n<h1 class=\"wp-block-heading has-text-align-center ticss-b21cb8a8\">Studio de Design d\u2019Int\u00e9rieur \u00e0 l\u2019Empord\u00e0 : \u00c9l\u00e9gance Naturelle pour une Vie Meilleure<\/h1>\n\n\n\n<div style=\"height:27px\" aria-hidden=\"true\" class=\"wp-block-spacer\"><\/div>\n\n\n\n<div class=\"wp-block-group is-layout-constrained wp-block-group-is-layout-constrained\">\n<p class=\"has-text-align-right ticss-85b8c048\">Nous concevons des maisons qui refl\u00e8tent la beaut\u00e9 naturelle et la tranquillit\u00e9 de l&#8217;Empord\u00e0. Chez Bloomint Design, nous cr\u00e9ons des projets d&#8217;int\u00e9rieur qui s&#8217;int\u00e8grent parfaitement \u00e0 leur environnement, en respectant l&#8217;architecture locale et en mettant en valeur la lumi\u00e8re, la s\u00e9r\u00e9nit\u00e9 et le bien-\u00eatre de chaque espace. Nous croyons en un design intemporel, \u00e9quilibr\u00e9 et durable.<\/p>\n<\/div>\n\n\n\n<div style=\"height:100px\" aria-hidden=\"true\" class=\"wp-block-spacer\"><\/div>\n\n\n\n<p><section class=\"featured-projects px-4\">\n\t\n    \t<ul class=\"cases-grid  -mx-2 flex flex-wrap\">\n   \n   \t\t\t\n\t\t    \n<li class=\"case-list-item grid-item mb-4 px-2 w-full md:w-1\/2 lg:w-1\/3 2xl:w-1\/4 2-workspace all\">\n\t<a href=\"https:\/\/bloomintdesign.com\/case\/piaget-plo\/\">\n\t\t\n\t\t<div class=\"entry-thumb ratio-v mb-3 \">\n\t\t\t\n\t\t\t<div class=\"entry-thumb-background overflow-hidden\">\n\t\t\t\t\n\t\t\t\t<img decoding=\"async\" class=\"w-full h-full object-cover\" src=\"https:\/\/bloomintdesign.com\/wp-content\/uploads\/2023\/11\/Piaget_0-914x1280.jpg\" alt=\"\">\n\t\t\t<\/div>\n\t\t<\/div>\n\t\t<div class=\"flex w-full items-start justify-between compressed text-sm bottom-part\">\n\t\t\t\n\t\t\t<div class=\"w-1\/2 relative pl-5\">\n\t\t\t\t\n\t\t\t\t<div class=\"-rotate-vertical absolute z-0 origin-bottom-left number left-0 bottom-full w-8 text-right\">\n\t\t\t\t\t\n\t\t\t\t\tOO1\n\t\t\t\t<\/div>\n\t\t\t\tPiaget PLO<br>\n\t\t\t\t2022 Gen\u00e8ve, Suisse\n\t\t\t<\/div>\n\t\t\t<div class=\"w-1\/2\">\n\t\t\t\t\n\t\t\t\tEspace de travail<br>\n    \t\t\t1100m2\n\t\t\t<\/div>\n\t\t<\/div>\n\t<\/a>\n<\/li>\n<li class=\"case-list-item grid-item mb-4 px-2 w-full md:w-1\/2 lg:w-1\/3 2xl:w-1\/4 4-residential all\">\n\t<a href=\"https:\/\/bloomintdesign.com\/case\/villa-cap-roig\/\">\n\t\t\n\t\t<div class=\"entry-thumb ratio-v mb-3 \">\n\t\t\t\n\t\t\t<div class=\"entry-thumb-background overflow-hidden\">\n\t\t\t\t\n\t\t\t\t<img decoding=\"async\" class=\"w-full h-full object-cover\" src=\"https:\/\/bloomintdesign.com\/wp-content\/uploads\/2023\/07\/VillaCapRoig_00-914x1280.jpg\" alt=\"\">\n\t\t\t<\/div>\n\t\t<\/div>\n\t\t<div class=\"flex w-full items-start justify-between compressed text-sm bottom-part\">\n\t\t\t\n\t\t\t<div class=\"w-1\/2 relative pl-5\">\n\t\t\t\t\n\t\t\t\t<div class=\"-rotate-vertical absolute z-0 origin-bottom-left number left-0 bottom-full w-8 text-right\">\n\t\t\t\t\t\n\t\t\t\t\tOO2\n\t\t\t\t<\/div>\n\t\t\t\tVilla Cap Roig<br>\n\t\t\t\t2023 Empord\u00e0, Espagne\n\t\t\t<\/div>\n\t\t\t<div class=\"w-1\/2\">\n\t\t\t\t\n\t\t\t\tR\u00e9sidentiel<br>\n    \t\t\t500m2\n\t\t\t<\/div>\n\t\t<\/div>\n\t<\/a>\n<\/li>\n<li class=\"case-list-item grid-item mb-4 px-2 w-full md:w-1\/2 lg:w-1\/3 2xl:w-1\/4 4-residential all\">\n\t<a href=\"https:\/\/bloomintdesign.com\/case\/cala-santanyi\/\">\n\t\t\n\t\t<div class=\"entry-thumb ratio-v mb-3 \">\n\t\t\t\n\t\t\t<div class=\"entry-thumb-background overflow-hidden\">\n\t\t\t\t\n\t\t\t\t<img decoding=\"async\" class=\"w-full h-full object-cover\" src=\"https:\/\/bloomintdesign.com\/wp-content\/uploads\/2023\/06\/Bloomint_CalaSantanyi_0-914x1280.jpg\" alt=\"\">\n\t\t\t<\/div>\n\t\t<\/div>\n\t\t<div class=\"flex w-full items-start justify-between compressed text-sm bottom-part\">\n\t\t\t\n\t\t\t<div class=\"w-1\/2 relative pl-5\">\n\t\t\t\t\n\t\t\t\t<div class=\"-rotate-vertical absolute z-0 origin-bottom-left number left-0 bottom-full w-8 text-right\">\n\t\t\t\t\t\n\t\t\t\t\tOO3\n\t\t\t\t<\/div>\n\t\t\t\tCala Santany\u00ed<br>\n\t\t\t\t2021 Majorque, Espagne\n\t\t\t<\/div>\n\t\t\t<div class=\"w-1\/2\">\n\t\t\t\t\n\t\t\t\tR\u00e9sidentiel<br>\n    \t\t\t350m2\n\t\t\t<\/div>\n\t\t<\/div>\n\t<\/a>\n<\/li>\n<li class=\"case-list-item grid-item mb-4 px-2 w-full md:w-1\/2 lg:w-1\/3 2xl:w-1\/4 2-workspace all\">\n\t<a href=\"https:\/\/bloomintdesign.com\/case\/cghh-take-away\/\">\n\t\t\n\t\t<div class=\"entry-thumb ratio-v mb-3 \">\n\t\t\t\n\t\t\t<div class=\"entry-thumb-background overflow-hidden\">\n\t\t\t\t\n\t\t\t\t<img decoding=\"async\" class=\"w-full h-full object-cover\" src=\"https:\/\/bloomintdesign.com\/wp-content\/uploads\/2022\/11\/1.Bloomint_CGHH_014-914x1280.jpg\" alt=\"\">\n\t\t\t<\/div>\n\t\t<\/div>\n\t\t<div class=\"flex w-full items-start justify-between compressed text-sm bottom-part\">\n\t\t\t\n\t\t\t<div class=\"w-1\/2 relative pl-5\">\n\t\t\t\t\n\t\t\t\t<div class=\"-rotate-vertical absolute z-0 origin-bottom-left number left-0 bottom-full w-8 text-right\">\n\t\t\t\t\t\n\t\t\t\t\tOO4\n\t\t\t\t<\/div>\n\t\t\t\tCGHH Takeaway<br>\n\t\t\t\t2021 Gen\u00e8ve, Suisse\n\t\t\t<\/div>\n\t\t\t<div class=\"w-1\/2\">\n\t\t\t\t\n\t\t\t\tEspace de travail<br>\n    \t\t\t350m2\n\t\t\t<\/div>\n\t\t<\/div>\n\t<\/a>\n<\/li>\n    \t<\/ul>\n\t\t   \t   \n<\/section>\n<section id=\"bcorp\" class=\"bg-bcorp bg-cover flex flex-col justify-center items-center text-center border-t border-b pl-4 pr-4 pt-16 pb-12 mt-12 border-black\">\n    <img decoding=\"async\" src=\"https:\/\/bloomintdesign.com\/wp-content\/themes\/bloomint\/assets\/img\/logo-bcorp.png\" alt=\"Logo entreprise certifi\u00e9e\" class=\"mb-14\">\n    <h2 class=\"font-serif text-3xl mb-4\">Design d&#8217;int\u00e9rieur responsable<\/h2>\n    <p class=\"max-w-lg font-sans text-lg mb-8\"><\/p>\n    <a target=\"_blank\" href=\"https:\/\/www.bcorporation.net\/en-us\/find-a-b-corp\/company\/bloomint-design-sl\/\" class=\"flex gap-4 font-compressed font-normal uppercase text-lg\" rel=\"noopener\">\n    EN SAVOIR PLUS        <img decoding=\"async\" src=\"https:\/\/bloomintdesign.com\/wp-content\/themes\/bloomint\/assets\/img\/arrow-right-black.svg\" alt=\"Fl\u00e8che droite noire\">\n    <\/a>\n<\/section>\n<section class=\"sustainable-section flex flex-col md:flex-row items-center justify-between px-4 py-10 gap-8 md:gap-12\" style=\"color: white;\">\n  \n\t<!-- Bloc de texte avec ID -->\n\t<div id=\"sustainable-text-block\" class=\"w-full md:w-1\/2\">\n\t\t<h1 class=\"font-serif text-3xl mb-4\" style=\"color: white;\">Empord\u00e0<\/h1>\n\t\t<br><br>\n\t\t<p class=\"font-sans text-base mb-4\" style=\"color: white;\">\n\t\t  <strong>Email:<\/strong> <a href=\"mailto:emporda@bloomintdesign.com\" class=\"text-blue-400\">emporda@bloomintdesign.com<\/a>\n\t\t<\/p>\n\t\t<p class=\"font-sans text-base mb-4\" style=\"color: white;\">\n\t\t  <strong>Adresse:<\/strong> 3 Cam\u00ed del Jard\u00ed Bot\u00e0nic\n\t\t  17210 Calella de Palafurgell, Espagne\n\t\t<\/p>\n\t\t<p class=\"font-sans text-base mb-4\" style=\"color: white;\">\n\t\t  <strong>T\u00e9l\u00e9phone:<\/strong> +34 653 406 225\n\t\t<\/p>\n\t<\/div>\t  \n  \n\t<!-- Bloc d'image avec ID sans marge en bas -->\n\t<li class=\"case-list-item grid-item px-2 w-full md:w-1\/2 lg:w-1\/3 2xl:w-1\/4 2-workspace all\">\t\n\t\t\t<div class=\"entry-thumb ratio-v mb-3\">\n\t\t\t\t<div class=\"entry-thumb-background overflow-hidden\">\n\t\t\t\t\t<img decoding=\"async\" class=\"w-full h-full object-cover\" src=\"https:\/\/bloomintdesign.com\/wp-content\/uploads\/2023\/09\/DSC9844-1.png\" alt=\"\">\n\t\t\t\t<\/div>\n\t\t\t<\/div>\n\t<\/li>\n  \n<\/section><\/p>\n","protected":false},"excerpt":{"rendered":"<p>S\u2019inscrire Studio de Design d\u2019Int\u00e9rieur \u00e0 l\u2019Empord\u00e0 : \u00c9l\u00e9gance Naturelle pour une Vie Meilleure Nous concevons des maisons qui refl\u00e8tent la beaut\u00e9 naturelle et la tranquillit\u00e9 de l&#8217;Empord\u00e0. Chez Bloomint Design, nous cr\u00e9ons des projets d&#8217;int\u00e9rieur qui s&#8217;int\u00e8grent parfaitement \u00e0 leur environnement, en respectant l&#8217;architecture locale et en mettant en valeur la lumi\u00e8re, la s\u00e9r\u00e9nit\u00e9&nbsp; <a href=\"https:\/\/bloomintdesign.com\/fr\/design-dinterieur-en-emporda\/\">&hellip; Read more <i class=\"glyphicon glyphicon-arrow-right\"><\/i><\/a><\/p>\n","protected":false},"author":7,"featured_media":0,"parent":0,"menu_order":0,"comment_status":"closed","ping_status":"closed","template":"","meta":{"_acf_changed":false,"_themeisle_gutenberg_block_has_review":false,"footnotes":""},"class_list":["post-3214","page","type-page","status-publish","hentry"],"acf":[],"_links":{"self":[{"href":"https:\/\/bloomintdesign.com\/fr\/wp-json\/wp\/v2\/pages\/3214","targetHints":{"allow":["GET"]}}],"collection":[{"href":"https:\/\/bloomintdesign.com\/fr\/wp-json\/wp\/v2\/pages"}],"about":[{"href":"https:\/\/bloomintdesign.com\/fr\/wp-json\/wp\/v2\/types\/page"}],"author":[{"embeddable":true,"href":"https:\/\/bloomintdesign.com\/fr\/wp-json\/wp\/v2\/users\/7"}],"replies":[{"embeddable":true,"href":"https:\/\/bloomintdesign.com\/fr\/wp-json\/wp\/v2\/comments?post=3214"}],"version-history":[{"count":3,"href":"https:\/\/bloomintdesign.com\/fr\/wp-json\/wp\/v2\/pages\/3214\/revisions"}],"predecessor-version":[{"id":3260,"href":"https:\/\/bloomintdesign.com\/fr\/wp-json\/wp\/v2\/pages\/3214\/revisions\/3260"}],"wp:attachment":[{"href":"https:\/\/bloomintdesign.com\/fr\/wp-json\/wp\/v2\/media?parent=3214"}],"curies":[{"name":"wp","href":"https:\/\/api.w.org\/{rel}","templated":true}]}}