{"id":2202,"date":"2024-12-18T01:25:41","date_gmt":"2024-12-18T01:25:41","guid":{"rendered":"https:\/\/bloomintdesign.com\/?page_id=2202"},"modified":"2025-04-11T08:24:21","modified_gmt":"2025-04-11T08:24:21","slug":"strategie-et-durabilite","status":"publish","type":"page","link":"https:\/\/bloomintdesign.com\/fr\/strategie-et-durabilite\/","title":{"rendered":"Strat\u00e9gie et Durabilit\u00e9"},"content":{"rendered":"\n<div style=\"height:50px\" aria-hidden=\"true\" class=\"wp-block-spacer\"><\/div>\n\n\n\n<h1 class=\"wp-block-heading has-text-align-center has-large-font-size\">Design d&#8217;int\u00e9rieur : Des espaces avec identit\u00e9 et harmonie<\/h1>\n\n\n\n<div style=\"height:49px\" aria-hidden=\"true\" class=\"wp-block-spacer\"><\/div>\n\n\n\n<div id=\"service-block_a6eaff6882be25576a945b91c0b8d68f\" class=\"service-block pb-16 sm:pb-20 lg:pb-36 container \">\n\n\t<div class=\"wp-block-group max-w-7xl mx-auto \">\n\n\t\t<div class=\"lg:flex flex-wrap  lg:-mx-5\">\n\t\t\t\n\t\t\t<div class=\"lg:w-1\/3 lg:px-5\">\n\t\t\t\t\n\t\t\t\t<h2 class=\"mb1\">Un design d&#8217;int\u00e9rieur responsable<\/h2>\n\n\t\t\t\t<h3 class=\"text uppercase\">PROJETS DURABLES<\/h3>\n\n\t\t\t\t<div class=\"max-w-xl leading-normal mb-4\">Nous croyons en un design qui pense au futur, avec des crit\u00e8res solides bas\u00e9s sur la durabilit\u00e9 des mat\u00e9riaux et leur proximit\u00e9, \u00e0 travers une s\u00e9lection \u00e9labor\u00e9e et rigoureuse de fournisseurs. Nous passons du temps \u00e0 analyser ce que nous trouvons dans un espace existant avant de commencer une proposition de conception, de la mat\u00e9rialit\u00e9 \u00e0 l&#8217;\u00e9quipement qui peut adh\u00e9rer de mani\u00e8re coh\u00e9rente \u00e0 un nouvel usage et une nouvelle esth\u00e9tique.  <br \/>\r\n<br \/>\r\nNous sommes une entreprise certifi\u00e9e BCorp depuis 2023, rejoignant un mouvement mondial de personnes qui transforment l&#8217;\u00e9conomie au profit de tous, des communaut\u00e9s et de la plan\u00e8te. Un mod\u00e8le \u00e9conomique durable et r\u00e9g\u00e9n\u00e9rateur. <br \/>\r\n<br \/>\r\nNous sommes en apprentissage continu, en collaborant avec d&#8217;autres entreprises et agents qui nous permettent d&#8217;avancer ensemble vers la r\u00e9alisation de projets de design d&#8217;int\u00e9rieur circulaires, et de nous rapprocher de plus en plus de la r\u00e9alisation de projets r\u00e9g\u00e9n\u00e9ratifs.<\/div>\n\n\t\t\t<\/div>\n\t\t\t\n\t\t\t<div class=\"lg:w-2\/3 lg:px-5\">\n\t\t\t\t\n\t\t\t\t\n\t<div class=\"carousel\">\n\t\t\n\t\t\t<div class=\"slide\">\n\t\t\t\t<img decoding=\"async\" src=\"https:\/\/bloomintdesign.com\/wp-content\/uploads\/2025\/01\/Foto-web-BCorp.jpg\" alt=\"\">\n\t\t\t<\/div>\n\n\t\t\t<\/div>\n\n\n\t\t\t<\/div>\n\n\t\t<\/div>\n\t\t\n\t<\/div>\n\n<\/div>\n\n\n\n\n<div id=\"service-block_0bb9d09b2eeb7bb85f91611c580a55b3\" class=\"service-block pb-16 sm:pb-20 lg:pb-36 container \">\n\n\t<div class=\"wp-block-group max-w-7xl mx-auto \">\n\n\t\t<div class=\"lg:flex flex-wrap lg:flex-row-reverse lg:-mx-5\">\n\t\t\t\n\t\t\t<div class=\"lg:w-1\/3 lg:px-5\">\n\t\t\t\t\n\t\t\t\t<h2 class=\"mb1\">Analyse heuristique<\/h2>\n\n\t\t\t\t<h3 class=\"text uppercase\">D&#8217;o\u00f9 commen\u00e7ons-nous ?<\/h3>\n\n\t\t\t\t<div class=\"max-w-xl leading-normal mb-4\">Nous effectuons une analyse approfondie pour obtenir une image fid\u00e8le de la situation actuelle et de l&#8217;\u00e9tat de l&#8217;espace de notre client en termes d&#8217;exp\u00e9rience utilisateur et de mat\u00e9rialit\u00e9 existante.<br \/>\r\nL&#8217;analyse \u00e9valuera la conception actuelle, l&#8217;am\u00e9nagement de l&#8217;environnement et les mat\u00e9riaux utilis\u00e9s en fonction de crit\u00e8res de surfaces par mat\u00e9riau, de leurs qualit\u00e9s, de leur convivialit\u00e9 et de leur exp\u00e9rience. <br \/>\r\nL&#8217;interaction avec l&#8217;environnement physique, le confort, l&#8217;efficacit\u00e9 et la sant\u00e9 seront pris en compte pour optimiser votre exp\u00e9rience. <br \/>\r\nNous travaillerons en parall\u00e8le sur une analyse phygitale, plusieurs entretiens avec les int\u00e9ress\u00e9s pour une meilleure extraction des donn\u00e9es, des s\u00e9ances de travail collaboratif et un \u00e9tat des lieux de l&#8217;espace au niveau de la mat\u00e9rialit\u00e9 et des \u00e9quipements.<\/div>\n\n\t\t\t<\/div>\n\t\t\t\n\t\t\t<div class=\"lg:w-2\/3 lg:px-5\">\n\t\t\t\t\n\t\t\t\t\n\t<div class=\"carousel\">\n\t\t\n\t\t\t<div class=\"slide\">\n\t\t\t\t<img decoding=\"async\" src=\"https:\/\/bloomintdesign.com\/wp-content\/uploads\/2025\/01\/Ana\u2560ulisis-heuri\u2560ustico.jpeg\" alt=\"\">\n\t\t\t<\/div>\n\n\t\t\t<\/div>\n\n\n\t\t\t<\/div>\n\n\t\t<\/div>\n\t\t\n\t<\/div>\n\n<\/div>\n\n\n\n\n<div id=\"service-block_1391ad01981b7a3bf6ec691962692f13\" class=\"service-block pb-16 sm:pb-20 lg:pb-36 container \">\n\n\t<div class=\"wp-block-group max-w-7xl mx-auto \">\n\n\t\t<div class=\"lg:flex flex-wrap  lg:-mx-5\">\n\t\t\t\n\t\t\t<div class=\"lg:w-1\/3 lg:px-5\">\n\t\t\t\t\n\t\t\t\t<h2 class=\"mb1\">Accompagnement au changement<\/h2>\n\n\t\t\t\t<h3 class=\"text uppercase\">Strat\u00e9gie et mise en \u0153uvre<\/h3>\n\n\t\t\t\t<div class=\"max-w-xl leading-normal mb-4\">Nous savons que le changement est un processus dans lequel toutes les personnes qui habiteront un nouvel espace doivent \u00eatre impliqu\u00e9es. D&#8217;o\u00f9 notre travail visant \u00e0 communiquer efficacement le nouveau design et \u00e0 obtenir l&#8217;appropriation parmi les personnes qui l&#8217;utiliseront, ainsi qu&#8217;\u00e0 nous concentrer sur la r\u00e9duction de notre impact environnemental tout au long du processus de conception. <br \/>\r\n<br \/>\r\n\u00c0 ce processus, nous ajoutons un guide de mise en \u0153uvre par type d&#8217;espace qui refl\u00e8te les caract\u00e9ristiques, les usages, les fonctions de chaque espace, l&#8217;entretien et la r\u00e9parabilit\u00e9, en plus de jeter les bases de l&#8217;\u00e9volutivit\u00e9 du projet dans diff\u00e9rents endroits de mani\u00e8re simple et optimis\u00e9e.<\/div>\n\n\t\t\t<\/div>\n\t\t\t\n\t\t\t<div class=\"lg:w-2\/3 lg:px-5\">\n\t\t\t\t\n\t\t\t\t\n\t<div class=\"carousel\">\n\t\t\n\t\t\t<div class=\"slide\">\n\t\t\t\t<img decoding=\"async\" src=\"https:\/\/bloomintdesign.com\/wp-content\/uploads\/2025\/01\/Acompan\u2560aamiento-al-cambio.jpeg\" alt=\"\">\n\t\t\t<\/div>\n\n\t\t\t<\/div>\n\n\n\t\t\t<\/div>\n\n\t\t<\/div>\n\t\t\n\t<\/div>\n\n<\/div>\n\n","protected":false},"excerpt":{"rendered":"<p>Design d&#8217;int\u00e9rieur : Des espaces avec identit\u00e9 et harmonie<\/p>\n","protected":false},"author":7,"featured_media":0,"parent":0,"menu_order":0,"comment_status":"closed","ping_status":"closed","template":"","meta":{"_acf_changed":false,"_themeisle_gutenberg_block_has_review":false,"footnotes":""},"class_list":["post-2202","page","type-page","status-publish","hentry"],"acf":[],"_links":{"self":[{"href":"https:\/\/bloomintdesign.com\/fr\/wp-json\/wp\/v2\/pages\/2202","targetHints":{"allow":["GET"]}}],"collection":[{"href":"https:\/\/bloomintdesign.com\/fr\/wp-json\/wp\/v2\/pages"}],"about":[{"href":"https:\/\/bloomintdesign.com\/fr\/wp-json\/wp\/v2\/types\/page"}],"author":[{"embeddable":true,"href":"https:\/\/bloomintdesign.com\/fr\/wp-json\/wp\/v2\/users\/7"}],"replies":[{"embeddable":true,"href":"https:\/\/bloomintdesign.com\/fr\/wp-json\/wp\/v2\/comments?post=2202"}],"version-history":[{"count":11,"href":"https:\/\/bloomintdesign.com\/fr\/wp-json\/wp\/v2\/pages\/2202\/revisions"}],"predecessor-version":[{"id":3298,"href":"https:\/\/bloomintdesign.com\/fr\/wp-json\/wp\/v2\/pages\/2202\/revisions\/3298"}],"wp:attachment":[{"href":"https:\/\/bloomintdesign.com\/fr\/wp-json\/wp\/v2\/media?parent=2202"}],"curies":[{"name":"wp","href":"https:\/\/api.w.org\/{rel}","templated":true}]}}