{"id":2197,"date":"2024-12-18T01:16:54","date_gmt":"2024-12-18T01:16:54","guid":{"rendered":"https:\/\/bloomintdesign.com\/?page_id=2197"},"modified":"2025-05-29T09:47:16","modified_gmt":"2025-05-29T09:47:16","slug":"design-dinterieur","status":"publish","type":"page","link":"https:\/\/bloomintdesign.com\/fr\/design-dinterieur\/","title":{"rendered":"Design D&#8217;int\u00e9rieur"},"content":{"rendered":"\n<div style=\"height:50px\" aria-hidden=\"true\" class=\"wp-block-spacer\"><\/div>\n\n\n\n<h1 class=\"wp-block-heading has-text-align-center\">Design d&#8217;int\u00e9rieur : Cr\u00e9er des espaces avec identit\u00e9<\/h1>\n\n\n\n<div style=\"height:50px\" aria-hidden=\"true\" class=\"wp-block-spacer\"><\/div>\n\n\n\n<div id=\"service-block_6afab5a0ea31eede50ea78047e251fab\" class=\"service-block pb-16 sm:pb-20 lg:pb-36 container \">\n\n\t<div class=\"wp-block-group max-w-7xl mx-auto \">\n\n\t\t<div class=\"lg:flex flex-wrap  lg:-mx-5\">\n\t\t\t\n\t\t\t<div class=\"lg:w-1\/3 lg:px-5\">\n\t\t\t\t\n\t\t\t\t<h2 class=\"mb1\">Concept de Design<\/h2>\n\n\t\t\t\t<h3 class=\"text uppercase\">Raconter votre histoire<\/h3>\n\n\t\t\t\t<div class=\"max-w-xl leading-normal mb-4\">Chaque projet est trait\u00e9 comme une opportunit\u00e9 unique de comprendre et de collaborer \u00e9troitement avec nos clients, une occasion de capter et d&#8217;am\u00e9liorer leurs id\u00e9es \u00e0 travers un processus collaboratif. Nous commen\u00e7ons g\u00e9n\u00e9ralement par une phase conceptuelle initiale qui consiste \u00e0 analyser un espace et \u00e0 \u00e9tablir les besoins et exigences sp\u00e9cifiques de chaque client. \u00c0 partir de cela, nous d\u00e9veloppons un moodboard primaire qui illustre les id\u00e9es conceptuelles pour l&#8217;espace et met en valeur l&#8217;histoire et l&#8217;identit\u00e9 que nous souhaitons cr\u00e9er. Nos principales sources d&#8217;inspiration proviennent des habitudes personnelles et des modes de vie contemporains, produisant un r\u00e9cit \u00e9motionnel entre les personnes, les espaces et les objets.<\/div>\n\n\t\t\t<\/div>\n\t\t\t\n\t\t\t<div class=\"lg:w-2\/3 lg:px-5\">\n\t\t\t\t\n\t\t\t\t\n\t<div class=\"carousel\">\n\t\t\n\t\t\t<div class=\"slide\">\n\t\t\t\t<img decoding=\"async\" src=\"https:\/\/bloomintdesign.com\/wp-content\/uploads\/2025\/01\/Disen\u2560ao-conceptual-1.jpeg\" alt=\"\">\n\t\t\t<\/div>\n\n\t\t\n\t\t\t<div class=\"slide\">\n\t\t\t\t<img decoding=\"async\" src=\"https:\/\/bloomintdesign.com\/wp-content\/uploads\/2025\/01\/Disen\u2560ao-conceptual-2.jpeg\" alt=\"\">\n\t\t\t<\/div>\n\n\t\t\t<\/div>\n\n\n\t\t\t<\/div>\n\n\t\t<\/div>\n\t\t\n\t<\/div>\n\n<\/div>\n\n\n\n\n<div id=\"service-block_8424ebfb442cdb376f96160ea7cf2e4d\" class=\"service-block pb-16 sm:pb-20 lg:pb-36 container \">\n\n\t<div class=\"wp-block-group max-w-7xl mx-auto \">\n\n\t\t<div class=\"lg:flex flex-wrap lg:flex-row-reverse lg:-mx-5\">\n\t\t\t\n\t\t\t<div class=\"lg:w-1\/3 lg:px-5\">\n\t\t\t\t\n\t\t\t\t<h2 class=\"mb1\">Gestion de Projet<\/h2>\n\n\t\t\t\t<h3 class=\"text uppercase\">Du d\u00e9but \u00e0 la fin<\/h3>\n\n\t\t\t\t<div class=\"max-w-xl leading-normal mb-4\">Nous vous accompagnons tout au long du processus, du premier croquis du projet jusqu&#8217;\u00e0 son ach\u00e8vement, en garantissant une relation ouverte et transparente avec nos clients. Notre \u00e9quipe sp\u00e9cialis\u00e9e organisera et suivra toutes les t\u00e2ches n\u00e9cessaires pour r\u00e9aliser un projet de design d&#8217;int\u00e9rieur agile et efficace. Elle pilotera \u00e9galement les phases de d\u00e9veloppement et de mise en \u0153uvre tout au long de la mission, y compris la coordination, la supervision et la prise de d\u00e9cisions sur les aspects esth\u00e9tiques et fonctionnels du design.<\/div>\n\n\t\t\t<\/div>\n\t\t\t\n\t\t\t<div class=\"lg:w-2\/3 lg:px-5\">\n\t\t\t\t\n\t\t\t\t\n\t<div class=\"carousel\">\n\t\t\n\t\t\t<div class=\"slide\">\n\t\t\t\t<img decoding=\"async\" src=\"https:\/\/bloomintdesign.com\/wp-content\/uploads\/2025\/01\/Gestio\u2560un-de-proyectos.jpeg\" alt=\"\">\n\t\t\t<\/div>\n\n\t\t\t<\/div>\n\n\n\t\t\t<\/div>\n\n\t\t<\/div>\n\t\t\n\t<\/div>\n\n<\/div>\n\n\n\n\n<div id=\"service-block_04388890674b953f1fc6ef75a2a57415\" class=\"service-block pb-16 sm:pb-20 lg:pb-36 container \">\n\n\t<div class=\"wp-block-group max-w-7xl mx-auto \">\n\n\t\t<div class=\"lg:flex flex-wrap  lg:-mx-5\">\n\t\t\t\n\t\t\t<div class=\"lg:w-1\/3 lg:px-5\">\n\t\t\t\t\n\t\t\t\t<h2 class=\"mb1\">Conception, S\u00e9lection et Achat de Mobilier<\/h2>\n\n\t\t\t\t<h3 class=\"text uppercase\">\u00c9quipement des espaces<\/h3>\n\n\t\t\t\t<div class=\"max-w-xl leading-normal mb-4\">Notre attention aux d\u00e9tails est in\u00e9gal\u00e9e, sans rien laisser au hasard dans le d\u00e9veloppement et la mise en \u0153uvre de votre projet. Nous concevons du mobilier sur mesure avec des plans d\u00e9taill\u00e9s et appliquons un processus de s\u00e9lection minutieux pour tous les meubles, textiles et \u00e9l\u00e9ments d\u00e9coratifs de style m\u00e9diterran\u00e9en, en fonction du budget de votre projet. Ce processus inclut la commande et le suivi des exp\u00e9ditions, la gestion des co\u00fbts de transport, l&#8217;organisation du montage ainsi que le nettoyage et le rangement apr\u00e8s l&#8217;ach\u00e8vement du projet. Notre \u00e9quipe est ax\u00e9e sur la qualit\u00e9 et travaille avec des mat\u00e9riaux haut de gamme et des artisans qualifi\u00e9s.<\/div>\n\n\t\t\t<\/div>\n\t\t\t\n\t\t\t<div class=\"lg:w-2\/3 lg:px-5\">\n\t\t\t\t\n\t\t\t\t\n\t<div class=\"carousel\">\n\t\t\n\t\t\t<div class=\"slide\">\n\t\t\t\t<img decoding=\"async\" src=\"https:\/\/bloomintdesign.com\/wp-content\/uploads\/2025\/01\/Disen\u2560ao-seleccio\u2560un-y-compra-de-mobiliario.jpeg\" alt=\"\">\n\t\t\t<\/div>\n\n\t\t\t<\/div>\n\n\n\t\t\t<\/div>\n\n\t\t<\/div>\n\t\t\n\t<\/div>\n\n<\/div>\n\n\n\n\n<div id=\"service-block_66d7a7308d376f769593efeac0b0a88b\" class=\"service-block pb-16 sm:pb-20 lg:pb-36 container \">\n\n\t<div class=\"wp-block-group max-w-7xl mx-auto \">\n\n\t\t<div class=\"lg:flex flex-wrap lg:flex-row-reverse lg:-mx-5\">\n\t\t\t\n\t\t\t<div class=\"lg:w-1\/3 lg:px-5\">\n\t\t\t\t\n\t\t\t\t<h2 class=\"mb1\">Meubles sur mesure<\/h2>\n\n\t\t\t\t<h3 class=\"text uppercase\">Jusque dans les d\u00e9tails<\/h3>\n\n\t\t\t\t<div class=\"max-w-xl leading-normal mb-4\">Nous cr\u00e9ons des pi\u00e8ces sur mesure au-del\u00e0 de l&#8217;aspect esth\u00e9tique. Ils naissent de la n\u00e9cessit\u00e9 de cr\u00e9er des espaces \u00e0 taille humaine qui s&#8217;adaptent au mode de vie ou de travail de nos clients. <br \/>\r\nNous nous occupons de toute l&#8217;\u00e9laboration technique, de la coordination des industriels et artisans impliqu\u00e9s dans son ex\u00e9cution selon nos conceptions. <br \/>\r\nNos conseils sont adapt\u00e9s et personnalis\u00e9s, guidant nos clients sur la s\u00e9lection des mat\u00e9riaux les plus adapt\u00e9s au projet.<\/div>\n\n\t\t\t<\/div>\n\t\t\t\n\t\t\t<div class=\"lg:w-2\/3 lg:px-5\">\n\t\t\t\t\n\t\t\t\t\n\t<div class=\"carousel\">\n\t\t\n\t\t\t<div class=\"slide\">\n\t\t\t\t<img decoding=\"async\" src=\"https:\/\/bloomintdesign.com\/wp-content\/uploads\/2025\/01\/A-medida.jpeg\" alt=\"\">\n\t\t\t<\/div>\n\n\t\t\t<\/div>\n\n\n\t\t\t<\/div>\n\n\t\t<\/div>\n\t\t\n\t<\/div>\n\n<\/div>\n\n","protected":false},"excerpt":{"rendered":"<p>Design d&#8217;int\u00e9rieur : Cr\u00e9er des espaces avec identit\u00e9<\/p>\n","protected":false},"author":7,"featured_media":0,"parent":0,"menu_order":0,"comment_status":"closed","ping_status":"closed","template":"","meta":{"_acf_changed":false,"_themeisle_gutenberg_block_has_review":false,"footnotes":""},"class_list":["post-2197","page","type-page","status-publish","hentry"],"acf":[],"_links":{"self":[{"href":"https:\/\/bloomintdesign.com\/fr\/wp-json\/wp\/v2\/pages\/2197","targetHints":{"allow":["GET"]}}],"collection":[{"href":"https:\/\/bloomintdesign.com\/fr\/wp-json\/wp\/v2\/pages"}],"about":[{"href":"https:\/\/bloomintdesign.com\/fr\/wp-json\/wp\/v2\/types\/page"}],"author":[{"embeddable":true,"href":"https:\/\/bloomintdesign.com\/fr\/wp-json\/wp\/v2\/users\/7"}],"replies":[{"embeddable":true,"href":"https:\/\/bloomintdesign.com\/fr\/wp-json\/wp\/v2\/comments?post=2197"}],"version-history":[{"count":8,"href":"https:\/\/bloomintdesign.com\/fr\/wp-json\/wp\/v2\/pages\/2197\/revisions"}],"predecessor-version":[{"id":4021,"href":"https:\/\/bloomintdesign.com\/fr\/wp-json\/wp\/v2\/pages\/2197\/revisions\/4021"}],"wp:attachment":[{"href":"https:\/\/bloomintdesign.com\/fr\/wp-json\/wp\/v2\/media?parent=2197"}],"curies":[{"name":"wp","href":"https:\/\/api.w.org\/{rel}","templated":true}]}}