{"id":1151,"date":"2022-02-21T09:02:09","date_gmt":"2022-02-21T09:02:09","guid":{"rendered":"https:\/\/2022.bloomintdesign.com\/privacy-policy\/"},"modified":"2022-07-01T09:38:03","modified_gmt":"2022-07-01T09:38:03","slug":"privacy-policy","status":"publish","type":"page","link":"https:\/\/bloomintdesign.com\/fr\/privacy-policy\/","title":{"rendered":"Confidentialit\u00e9"},"content":{"rendered":"\n<div id=\"max-w-group-block_621927a35d497\" class=\"max-w-group \">\n\n\t<div class=\"wp-block-group max-w-4xl mx-auto pb-20 container\">\n\n\t\t<div class=\"wp-block-group__inner-container\">\n\t\t\t\n\t\t\t\n\n<h2 class=\"wp-block-heading\"><strong>Confidentialit\u00e9<\/strong><\/h2>\n\n\n\n<p><strong>Responsable<\/strong>:<br>BLOOMINT DESIGN S.L.<\/p>\n\n\n\n<p><strong>Finalit\u00e9<\/strong>:<br>Informer sur les projets r\u00e9alis\u00e9s par <strong><a href=\"https:\/\/bloomintdesign.com\/fr\/\" data-type=\"page\" data-id=\"1139\">Bloomint Design Barcelona<\/a><\/strong>, les expositions de produits, les promotions et le blog.<\/p>\n\n\n\n<p><strong>L\u00e9gitimit\u00e9<\/strong>:<br>Consentement de l\u2019int\u00e9ress\u00e9.<\/p>\n\n\n\n<p><strong>Destinataires:&nbsp;<\/strong><br>Particuliers et entreprises.<\/p>\n\n\n\n<p><strong>Droits:<br><\/strong>Acc\u00e8s, rectification, suppression des donn\u00e9es, et portabilit\u00e9.<\/p>\n\n\n\n<p>La pr\u00e9sente Politique de protection des donn\u00e9es r\u00e9glemente le traitement des donn\u00e9es personnelles fournies par l\u2019utilisateur \u00e0 travers le site&nbsp;<a href=\"https:\/\/bloomintdesign.com\/\">https:\/\/bloomintdesign.com<\/a>, et des services professionnels de design d\u2019int\u00e9rieur mis \u00e0 la disposition des utilisateurs d\u2019Internet.<\/p>\n\n\n\n<p>En r\u00e8gle g\u00e9n\u00e9rale, l\u2019utilisation du site&nbsp;<a href=\"https:\/\/bloomintdesign.com\/\">https:\/\/bloomintdesign.com<\/a>&nbsp;n\u2019exige pas comme condition pr\u00e9alable que les utilisateurs divulguent leurs donn\u00e9es personnelles. Cependant, dans les cas o\u00f9 l\u2019utilisateur les communique \u00e0 Bloomint Design S.L., celui-ci garantit la confidentialit\u00e9 et le respect de toute la r\u00e9glementation susmentionn\u00e9e (ou de celle qui peut la compl\u00e9ter ou la remplacer), et prendra alors les mesures techniques n\u00e9cessaires pour maintenir le niveau de s\u00e9curit\u00e9 requis.<\/p>\n\n\n\n<p>Les donn\u00e9es demand\u00e9es par Bloomint Design S.L. ou fournies par les utilisateurs seront trait\u00e9es conform\u00e9ment au nouveau R\u00e8glement g\u00e9n\u00e9ral sur la protection des donn\u00e9es (RGPD) 2016\/679 du Parlement europ\u00e9en et du Conseil, et seront utilis\u00e9es aux fins suivantes&nbsp;:<\/p>\n\n\n\n<p><strong>Finalit\u00e9 du traitement des donn\u00e9es personnelles de l\u2019utilisateur<\/strong>:<br>Bloomint Design S.L. traite les informations fournies par l\u2019utilisateur pour l\u2019informer des derni\u00e8res nouveaut\u00e9s en mati\u00e8re de design d\u2019int\u00e9rieur et de nouveaux projets. Les renseignements servent aussi \u00e0 envoyer des devis et des informations demand\u00e9es par l\u2019utilisateur, et des articles pr\u00e9sents sur le blog. De m\u00eame, Bloomint Design S.L. peut envoyer, par l\u2019interm\u00e9diaire du courriel fourni par l\u2019utilisateur, des informations sur les services ou des renseignements pouvant l\u2019int\u00e9resser.<\/p>\n\n\n\n<p>Le consentement \u00e0 l\u2019envoi de ces communications peut \u00eatre r\u00e9voqu\u00e9 \u00e0 tout moment dans chacune des communications re\u00e7ues, par l\u2019interm\u00e9diaire du m\u00e9canisme mis en place \u00e0 cet effet.<\/p>\n\n\n\n<p>Bloomint Design S.L. \u00e9tablira un profil commercial sur la base des informations fournies.<\/p>\n\n\n\n<p>Bloomint Design S.L. garantit le respect de la protection des donn\u00e9es \u00e0 caract\u00e8re personnel, et la mise en \u0153uvre des mesures de s\u00e9curit\u00e9 contenues dans le nouveau R\u00e8glement g\u00e9n\u00e9ral sur la protection des donn\u00e9es (RGPD) 2016\/679 du Parlement europ\u00e9en et du Conseil.<\/p>\n\n\n\n<p>L\u2019utilisateur doit faire un usage l\u00e9gal de ce site internet et de ses services, conform\u00e9ment aux pr\u00e9sents termes et conditions d\u2019utilisation et \u00e0 la loi en vigueur.<\/p>\n\n\n\n<p>Bloomint Design S.L. se r\u00e9serve le droit de modifier unilat\u00e9ralement les termes et conditions d\u2019utilisation de ce site, en publiant les mentions l\u00e9gales prenant effet au moment de leur publication. Ces modifications pourront \u00eatre communiqu\u00e9es personnellement aux utilisateurs enregistr\u00e9s, lorsqu\u2019elles impliqueront une modification des conditions \u00e9tablies d\u2019apr\u00e8s leur statut d\u2019utilisateur.<\/p>\n\n\n\n<p>L\u2019utilisateur garantit que les donn\u00e9es fournies sont v\u00e9ridiques, exactes, compl\u00e8tes et \u00e0 jour. Il est responsable de tout dommage ou pr\u00e9judice, direct ou indirect, qui pourrait \u00eatre d\u00fb \u00e0 la violation de cette obligation. Si les donn\u00e9es fournies appartiennent \u00e0 un tiers, l\u2019utilisateur garantit qu\u2019il l\u2019a inform\u00e9 des aspects contenus dans ce document, et qu\u2019il a obtenu son autorisation de fournir ses donn\u00e9es \u00e0 Bloomint Design S.L. aux fins indiqu\u00e9es.<\/p>\n\n\n\n<p>Le site peut offrir des fonctionnalit\u00e9s pour partager des contenus \u00e0 travers des applications tierces, comme Facebook ou Twitter. Celles-ci peuvent collecter et traiter des informations relatives \u00e0 la navigation de l\u2019utilisateur sur les diff\u00e9rents sites internet. Toute information personnelle recueillie par l\u2019interm\u00e9diaire de ces applications peut \u00eatre utilis\u00e9e par des utilisateurs tiers de celles-ci. Leurs interactions sont assujetties aux politiques de confidentialit\u00e9 des entreprises facilitant les applications.<\/p>\n\n\n\n<p>Bloomint Design S.L. est responsable du traitement des donn\u00e9es personnelles de l\u2019utilisateur.<\/p>\n\n\n\n<p><strong>Navigation<\/strong>:<br>Bloomint Design S.L. n\u2019est pas responsable et ne garantit pas que l\u2019acc\u00e8s au site internet ne sera pas interrompu ou sans erreurs. Il n\u2019est pas non plus responsable et ne garantit pas que le contenu ou les logiciels accessibles par l\u2019interm\u00e9diaire du site soient exempts d\u2019erreurs, ou qu\u2019ils ne causent aucun dommages. Bloomint Design S.L. ne pourra en aucun cas \u00eatre tenu responsable de pertes, dommages ou pr\u00e9judices de quelque nature que ce soit r\u00e9sultant de l\u2019acc\u00e8s et de la navigation sur son site internet, y compris, mais sans s\u2019y limiter, ceux caus\u00e9s aux syst\u00e8mes informatiques ou ceux caus\u00e9s par l\u2019introduction de virus.<\/p>\n\n\n\n<p>Bloomint Design S.L. n\u2019est pas responsable des dommages qui pourraient \u00eatre caus\u00e9s aux utilisateurs en raison d\u2019une mauvaise utilisation du site. Il n\u2019est notamment en aucun cas responsable des ralentissements, interruptions, manques ou d\u00e9fauts de t\u00e9l\u00e9communications pouvant survenir lorsque l\u2019utilisateur navigue sur le site.<\/p>\n\n\n\n<p><strong>Conservation des donn\u00e9es:<br><\/strong>Les donn\u00e9es personnelles fournies seront conserv\u00e9es le temps n\u00e9cessaire pour r\u00e9pondre \u00e0 la demande de l\u2019utilisateur, ou tant que les droits d\u2019acc\u00e8s, de rectification, d\u2019annulation, d\u2019opposition ou de portabilit\u00e9 ne sont pas demand\u00e9s par l\u2019utilisateur par l\u2019interm\u00e9diaire de notre courriel&nbsp;(<a href=\"mailto:info@bloomintdesign.com\">info@bloomintdesign.com<\/a>), ou \u00e0 l\u2019adresse suivante&nbsp;: Pere IV, 29-35, 1\u00ba4\u00b0 08018 \u2013 Barcelone \u2013 Espagne.<\/p>\n\n\n\n<p>De m\u00eame, le crit\u00e8re de conservation des donn\u00e9es ne sera pr\u00e9serv\u00e9 que lorsque le client aura demand\u00e9 ses droits, pour des obligations l\u00e9gales.<\/p>\n\n\n\n<p><strong>Confidentialit\u00e9:<br><\/strong>Bloomint Design S.L. est tenu de respecter le secret et la confidentialit\u00e9 de toute information fournie par l\u2019utilisateur. Ses donn\u00e9es ne pourront \u00eatre communiqu\u00e9es \u00e0 des \u00e9tablissements bancaires que dans le cas d\u2019une relation commerciale, et \u00e0 des organismes publics ou \u00e0 d\u2019autres entit\u00e9s n\u00e9cessaires \u00e0 l\u2019ex\u00e9cution du service.<\/p>\n\n\n\n<p><strong>Droits de l\u2019utilisateur<\/strong>:<br>L\u2019utilisateur a le droit de savoir si Bloomint Design S.L. traite des donn\u00e9es personnelles le concernant, peut y acc\u00e9der, et demander la rectification de donn\u00e9es inexactes. Le cas \u00e9ch\u00e9ant, il peut aussi r\u00e9clamer leur suppression, notamment lorsque les donn\u00e9es ne sont plus n\u00e9cessaires aux fins pour lesquelles elles ont \u00e9t\u00e9 collect\u00e9es.<\/p>\n\n\n\n<p>Dans certaines circonstances, l\u2019utilisateur peut demander la limitation du traitement de ses donn\u00e9es. Dans ce cas, elles ne seront conserv\u00e9es que pour des obligations l\u00e9gales.<\/p>\n\n\n\n<p>L\u2019utilisateur pourra soulever les questions qu\u2019il consid\u00e8re li\u00e9es \u00e0 la pr\u00e9sente Politique, et exercer ses droits dans les termes pr\u00e9vus par la loi, en envoyant un message par courrier \u00e9lectronique \u00e0&nbsp;:&nbsp;<a href=\"mailto:info@bloomintdesign.com\">info@bloomintdesign.com<\/a>. L\u2019utilisateur devra indiquer la requ\u00eate correspondante et l\u2019accompagner d\u2019une copie de sa carte d\u2019identit\u00e9, ou d\u2019un document attestant celle-ci.<\/p>\n\n\n\n<p>Si vous n\u2019\u00eates pas satisfait dans l\u2019exercice de vos droits, vous pouvez d\u00e9poser une r\u00e9clamation aupr\u00e8s de l\u2019Agence espagnole de protection des donn\u00e9es (<em>Agencia Espa\u00f1ola de Protecci\u00f3n de Datos<\/em>), par l\u2019interm\u00e9diaire de son site internet, en d\u00e9posant une demande de protection des droits.<\/p>\n\n\n\n<p><strong>Propri\u00e9t\u00e9 intellectuelle et industrielle<\/strong>:<br>Le nom de domaine&nbsp;<a href=\"https:\/\/bloomintdesign.com\/\">https:\/\/bloomintdesign.com<\/a>&nbsp;est la propri\u00e9t\u00e9 de Bloomint Design S.L. L\u2019ensemble du site internet&nbsp;<a href=\"https:\/\/bloomintdesign.com\/\">https:\/\/bloomintdesign.com<\/a>, y compris sa conception, sa structure, sa distribution, les r\u00e9ponses aux questions pos\u00e9es par les utilisateurs, les textes, contenus, logos, boutons, images, dessins, code source, documentation, ainsi que tous les droits de propri\u00e9t\u00e9 intellectuelle et industrielle, et tout autre signe distinctif appartiennent \u00e0 Bloomint Design S.L.<\/p>\n\n\n\n<p>Concr\u00e8tement, la reproduction, la transformation, la distribution, la communication publique, la mise \u00e0 disposition du public ou toute autre exploitation du contenu du site&nbsp;<a href=\"https:\/\/bloomintdesign.com\/\">https:\/\/bloomintdesign.com<\/a>, sans le consentement \u00e9crit du propri\u00e9taire, sont interdites. \u00c0 ces fins, la partie int\u00e9ress\u00e9e doit prendre contact avec l\u2019entit\u00e9.<\/p>\n\n\n\n<p>Bloomint Design S.L. se r\u00e9serve la possibilit\u00e9 d\u2019entreprendre les actions en justice appropri\u00e9es contre les utilisateurs qui violeraient ou enfreindraient les droits de propri\u00e9t\u00e9 intellectuelle et industrielle.<\/p>\n\n\n\n<p><strong>Juridiction comp\u00e9tente:<br><\/strong>Pour la r\u00e9solution de questions, d\u00e9saccords, conflits ou probl\u00e8mes pouvant survenir au sujet de l\u2019interpr\u00e9tation, de l\u2019application et du respect de la pr\u00e9sente politique, avec la renonciation expresse \u00e0 toute autre juridiction qui pourrait correspondre \u00e0 l\u2019utilisateur, et sans pr\u00e9judice des comp\u00e9tences r\u00e9sultant du minist\u00e8re de la Justice espagnol, l\u2019utilisateur se soumet volontairement et express\u00e9ment aux cours et tribunaux de la ville de Barcelone.<\/p>\n\n\n\t\t\t\n\t\t<\/div>\n\t\t\n\t<\/div>\n\n<\/div>\n\n","protected":false},"excerpt":{"rendered":"","protected":false},"author":3,"featured_media":0,"parent":0,"menu_order":100,"comment_status":"closed","ping_status":"closed","template":"","meta":{"_acf_changed":false,"_themeisle_gutenberg_block_has_review":false,"footnotes":""},"class_list":["post-1151","page","type-page","status-publish","hentry"],"acf":[],"_links":{"self":[{"href":"https:\/\/bloomintdesign.com\/fr\/wp-json\/wp\/v2\/pages\/1151","targetHints":{"allow":["GET"]}}],"collection":[{"href":"https:\/\/bloomintdesign.com\/fr\/wp-json\/wp\/v2\/pages"}],"about":[{"href":"https:\/\/bloomintdesign.com\/fr\/wp-json\/wp\/v2\/types\/page"}],"author":[{"embeddable":true,"href":"https:\/\/bloomintdesign.com\/fr\/wp-json\/wp\/v2\/users\/3"}],"replies":[{"embeddable":true,"href":"https:\/\/bloomintdesign.com\/fr\/wp-json\/wp\/v2\/comments?post=1151"}],"version-history":[{"count":6,"href":"https:\/\/bloomintdesign.com\/fr\/wp-json\/wp\/v2\/pages\/1151\/revisions"}],"predecessor-version":[{"id":1461,"href":"https:\/\/bloomintdesign.com\/fr\/wp-json\/wp\/v2\/pages\/1151\/revisions\/1461"}],"wp:attachment":[{"href":"https:\/\/bloomintdesign.com\/fr\/wp-json\/wp\/v2\/media?parent=1151"}],"curies":[{"name":"wp","href":"https:\/\/api.w.org\/{rel}","templated":true}]}}