{"id":1149,"date":"2022-02-21T09:07:10","date_gmt":"2022-02-21T09:07:10","guid":{"rendered":"https:\/\/2022.bloomintdesign.com\/cookies-polcy\/"},"modified":"2022-07-01T09:40:20","modified_gmt":"2022-07-01T09:40:20","slug":"cookies-polcy","status":"publish","type":"page","link":"https:\/\/bloomintdesign.com\/fr\/cookies-polcy\/","title":{"rendered":"Cookies"},"content":{"rendered":"\n<div id=\"max-w-group-block_621927a35d497\" class=\"max-w-group \">\n\n\t<div class=\"wp-block-group max-w-4xl mx-auto pb-20 container\">\n\n\t\t<div class=\"wp-block-group__inner-container\">\n\t\t\t\n\t\t\t\n\n<h2 class=\"wp-block-heading\"><strong class=\"privacy-policy-tutorial\">Cookies<\/strong><\/h2>\n\n\n\n<p>Nous utilisons des cookies pour mesurer et g\u00e9rer les visites sur le site internet, et pour se souvenir des utilisateurs qui y acc\u00e8dent. Si vous continuez \u00e0 naviguer, nous consid\u00e9rons que vous acceptez son utilisation.<\/p>\n\n\n\n<p>Ce site internet utilise des cookies personnels et des cookies de tiers pour vous offrir une meilleure exp\u00e9rience et un meilleur service. En naviguant ou en utilisant nos services, l\u2019utilisateur accepte l\u2019usage que nous faisons des cookies. Il peut cependant emp\u00eacher l\u2019apparition de cookies et leur \u00e9limination, en s\u00e9lectionnant l\u2019option correspondante dans son navigateur. Si l\u2019utilisation des cookies est bloqu\u00e9e dans un navigateur, il est possible que certains services ou fonctions du site ne soient pas disponibles.<\/p>\n\n\n\n<p>Un cookie est un texte de petite taille que les sites internet envoient au navigateur, et qui est stock\u00e9 sur le terminal de l\u2019utilisateur. Cela peut \u00eatre un ordinateur personnel, un t\u00e9l\u00e9phone mobile, une tablette, etc. Ces fichiers permettent au site internet de se rappeler les informations concernant votre visite, comme la langue et les options pr\u00e9f\u00e9r\u00e9es. Cela peut faciliter une visite ult\u00e9rieure et rendre le site plus utile, gr\u00e2ce \u00e0 la personnalisation de son contenu. Les cookies jouent un r\u00f4le tr\u00e8s important pour am\u00e9liorer l\u2019exp\u00e9rience d\u2019utilisation du site.<\/p>\n\n\n\t\t\t\n\t\t<\/div>\n\t\t\n\t<\/div>\n\n<\/div>\n\n","protected":false},"excerpt":{"rendered":"","protected":false},"author":3,"featured_media":0,"parent":0,"menu_order":99,"comment_status":"closed","ping_status":"closed","template":"","meta":{"_acf_changed":false,"_themeisle_gutenberg_block_has_review":false,"footnotes":""},"class_list":["post-1149","page","type-page","status-publish","hentry"],"acf":[],"_links":{"self":[{"href":"https:\/\/bloomintdesign.com\/fr\/wp-json\/wp\/v2\/pages\/1149","targetHints":{"allow":["GET"]}}],"collection":[{"href":"https:\/\/bloomintdesign.com\/fr\/wp-json\/wp\/v2\/pages"}],"about":[{"href":"https:\/\/bloomintdesign.com\/fr\/wp-json\/wp\/v2\/types\/page"}],"author":[{"embeddable":true,"href":"https:\/\/bloomintdesign.com\/fr\/wp-json\/wp\/v2\/users\/3"}],"replies":[{"embeddable":true,"href":"https:\/\/bloomintdesign.com\/fr\/wp-json\/wp\/v2\/comments?post=1149"}],"version-history":[{"count":2,"href":"https:\/\/bloomintdesign.com\/fr\/wp-json\/wp\/v2\/pages\/1149\/revisions"}],"predecessor-version":[{"id":1246,"href":"https:\/\/bloomintdesign.com\/fr\/wp-json\/wp\/v2\/pages\/1149\/revisions\/1246"}],"wp:attachment":[{"href":"https:\/\/bloomintdesign.com\/fr\/wp-json\/wp\/v2\/media?parent=1149"}],"curies":[{"name":"wp","href":"https:\/\/api.w.org\/{rel}","templated":true}]}}