{"id":1147,"date":"2022-02-21T09:07:22","date_gmt":"2022-02-21T09:07:22","guid":{"rendered":"https:\/\/2022.bloomintdesign.com\/legal-note\/"},"modified":"2022-07-01T09:40:49","modified_gmt":"2022-07-01T09:40:49","slug":"legal-note","status":"publish","type":"page","link":"https:\/\/bloomintdesign.com\/fr\/legal-note\/","title":{"rendered":"Mentions l\u00e9gales"},"content":{"rendered":"\n<div id=\"max-w-group-block_621927a35d497\" class=\"max-w-group \">\n\n\t<div class=\"wp-block-group max-w-4xl mx-auto pb-20 container\">\n\n\t\t<div class=\"wp-block-group__inner-container\">\n\t\t\t\n\t\t\t\n\n<h2 class=\"wp-block-heading\">Mentions l\u00e9gales<\/h2>\n\n\n\n<p>Nom:<\/p>\n\n\n\n<p>Bloomint Design S.L.<\/p>\n\n\n\n<p>CIF (Code d\u2019Identification Fiscale):<\/p>\n\n\n\n<p>B65929614<\/p>\n\n\n\n<p>Courriel:<\/p>\n\n\n\n<p><a href=\"mailto:info@bloomintdesign.com\">info@bloomintdesign.com<\/a><\/p>\n\n\n\n<p>T\u00e9l\u00e9phone:<\/p>\n\n\n\n<p>+34691341655<\/p>\n\n\n\n<p>Adresse:<\/p>\n\n\n\n<p>Pere IV, 29-35, 1\u00ba 4\u00ba | 08018 Barcelona.<\/p>\n\n\n\n<p>Registre du commerce:<\/p>\n\n\n\n<p>Tome 43569 Folio 102 Feuille B 432483 Inscription 1.<\/p>\n\n\n\n<p>Bloomint Design S.L. se r\u00e9serve le droit de suspendre temporairement et sans pr\u00e9avis l\u2019acc\u00e8s au site, \u00e0 titre discr\u00e9tionnaire et temporaire.<\/p>\n\n\n\t\t\t\n\t\t<\/div>\n\t\t\n\t<\/div>\n\n<\/div>\n\n","protected":false},"excerpt":{"rendered":"","protected":false},"author":3,"featured_media":0,"parent":0,"menu_order":99,"comment_status":"closed","ping_status":"closed","template":"","meta":{"_acf_changed":false,"_themeisle_gutenberg_block_has_review":false,"footnotes":""},"class_list":["post-1147","page","type-page","status-publish","hentry"],"acf":[],"_links":{"self":[{"href":"https:\/\/bloomintdesign.com\/fr\/wp-json\/wp\/v2\/pages\/1147","targetHints":{"allow":["GET"]}}],"collection":[{"href":"https:\/\/bloomintdesign.com\/fr\/wp-json\/wp\/v2\/pages"}],"about":[{"href":"https:\/\/bloomintdesign.com\/fr\/wp-json\/wp\/v2\/types\/page"}],"author":[{"embeddable":true,"href":"https:\/\/bloomintdesign.com\/fr\/wp-json\/wp\/v2\/users\/3"}],"replies":[{"embeddable":true,"href":"https:\/\/bloomintdesign.com\/fr\/wp-json\/wp\/v2\/comments?post=1147"}],"version-history":[{"count":3,"href":"https:\/\/bloomintdesign.com\/fr\/wp-json\/wp\/v2\/pages\/1147\/revisions"}],"predecessor-version":[{"id":1259,"href":"https:\/\/bloomintdesign.com\/fr\/wp-json\/wp\/v2\/pages\/1147\/revisions\/1259"}],"wp:attachment":[{"href":"https:\/\/bloomintdesign.com\/fr\/wp-json\/wp\/v2\/media?parent=1147"}],"curies":[{"name":"wp","href":"https:\/\/api.w.org\/{rel}","templated":true}]}}