{"id":3216,"date":"2025-04-10T08:02:30","date_gmt":"2025-04-10T08:02:30","guid":{"rendered":"https:\/\/bloomintdesign.com\/?page_id=3216"},"modified":"2025-04-10T09:04:18","modified_gmt":"2025-04-10T09:04:18","slug":"interiorismo-en-mallorca","status":"publish","type":"page","link":"https:\/\/bloomintdesign.com\/es\/interiorismo-en-mallorca\/","title":{"rendered":"Interiorismo en Mallorca"},"content":{"rendered":"\n<p><section class=\"h-home-slide-1 w-full relative js-group-1\">\r\n\t\t        \r\n\t<video class=\"js-video-h block w-full absolute pin-t pin-l object-cover z-0 h-full hidden lg:block\" autoplay=\"\" loop=\"\" muted=\"\" playsinline=\"\" poster=\"\">\r\n\t\t\t\r\n\t\t<source data-src=\"https:\/\/bloomintdesign.com\/wp-content\/uploads\/2025\/02\/Diseno-sin-titulo-1.mp4?raw=1\" type=\"video\/mp4\" src=\"https:\/\/bloomintdesign.com\/wp-content\/uploads\/2025\/02\/Diseno-sin-titulo-1.mp4?raw=1\">\r\n\t<\/video>\t\t\r\n\t<video class=\"js-video-v block w-full absolute pin-t pin-l object-cover z-0 h-full lg:hidden\" autoplay=\"\" loop=\"\" muted=\"\" playsinline=\"\" poster=\"\">\r\n\t\t\t\r\n\t\t<source data-src=\"https:\/\/bloomintdesign.com\/wp-content\/uploads\/2025\/02\/Diseno-sin-titulo-1.mp4?raw=1\" type=\"video\/mp4\">\r\n\t<\/video>\t\t\r\n\t\t    <\/section><\/p>\n\n\n\n<div class=\"py-2 px-5 w-full hidden lg:block\">\n\t\t\t\t\n\t\t\t\t<div class=\"flex justify-end items-center w-full\">\n\t\t\t\t\t\n\t\t\t\t\t<div class=\"border-t uppercase w-56 compressed\">\n\t\n\t\n\t<a href=\"http:\/\/eepurl.com\/dIdgt1\" class=\"leading-none border-b py-2 whitespace-nowrap arrow-after block\" target=\"_blank\" rel=\"noopener\">Suscr\u00edbete a nuestro bolet\u00edn<\/a>\n\n\n\n<\/div>\n\n\t\t\t\t<\/div>\n\n\t\t\t<\/div>\n\n\n\n<div style=\"height:80px\" aria-hidden=\"true\" class=\"wp-block-spacer\"><\/div>\n\n\n\n<h1 class=\"wp-block-heading has-text-align-center ticss-b21cb8a8\">Estudio de Interiorismo en Mallorca: Espacios con Alma Mediterr\u00e1nea<\/h1>\n\n\n\n<div style=\"height:27px\" aria-hidden=\"true\" class=\"wp-block-spacer\"><\/div>\n\n\n\n<div class=\"wp-block-group is-layout-constrained wp-block-group-is-layout-constrained\">\n<p class=\"has-text-align-right ticss-85b8c048\">En Bloomint Design creamos interiores que capturan la esencia de Mallorca: luminosos, sofisticados y conectados con la naturaleza. Nuestro estudio de interiorismo acompa\u00f1a a clientes locales e internacionales en el dise\u00f1o de viviendas y espacios comerciales \u00fanicos, funcionales y llenos de vida.<\/p>\n<\/div>\n\n\n\n<div style=\"height:100px\" aria-hidden=\"true\" class=\"wp-block-spacer\"><\/div>\n\n\n\n<p><section class=\"featured-projects px-4\">\n\t\n    <ul class=\"cases-grid  -mx-2 flex flex-wrap\">\n\n        \n<li class=\"case-list-item grid-item mb-4 px-2 w-full md:w-1\/2 lg:w-1\/3 2xl:w-1\/4 2-workspace all\">\n\n\t<a href=\"https:\/\/bloomintdesign.com\/case\/piaget-plo\/\">\n\t\t\n\t\t<div class=\"entry-thumb ratio-v mb-3 \">\n\t\t\t\n\t\t\t<div class=\"entry-thumb-background overflow-hidden\">\n\t\t\t\t\n\t\t\t\t<img decoding=\"async\" class=\"w-full h-full object-cover\" src=\"https:\/\/bloomintdesign.com\/wp-content\/uploads\/2023\/11\/Piaget_0-914x1280.jpg\" alt=\"\">\n\n\t\t\t<\/div>\n\n\t\t<\/div>\n\n\t\t<div class=\"flex w-full items-start justify-between compressed text-sm bottom-part\">\n\t\t\t\n\t\t\t<div class=\"w-1\/2 relative pl-5\">\n\t\t\t\t\n\t\t\t\t<div class=\"-rotate-vertical absolute z-0 origin-bottom-left number left-0 bottom-full w-8 text-right\">\n\t\t\t\t\t\n\t\t\t\t\tOO1\n\t\t\t\t<\/div>\n\n\t\t\t\tPiaget PLO<br>\n\t\t\t\t2022 Ginebra, Suiza\n\t\t\t<\/div>\n\n\t\t\t<div class=\"w-1\/2\">\n\t\t\t\t\n\t\t\t\tOficina<br>\n    \t\t\t1100m2\n\t\t\t<\/div>\n\n\t\t<\/div>\n\n\t<\/a>\n\n<\/li>\n\n<li class=\"case-list-item grid-item mb-4 px-2 w-full md:w-1\/2 lg:w-1\/3 2xl:w-1\/4 4-residential all\">\n\n\t<a href=\"https:\/\/bloomintdesign.com\/case\/villa-cap-roig\/\">\n\t\t\n\t\t<div class=\"entry-thumb ratio-v mb-3 \">\n\t\t\t\n\t\t\t<div class=\"entry-thumb-background overflow-hidden\">\n\t\t\t\t\n\t\t\t\t<img decoding=\"async\" class=\"w-full h-full object-cover\" src=\"https:\/\/bloomintdesign.com\/wp-content\/uploads\/2023\/07\/VillaCapRoig_00-914x1280.jpg\" alt=\"\">\n\n\t\t\t<\/div>\n\n\t\t<\/div>\n\n\t\t<div class=\"flex w-full items-start justify-between compressed text-sm bottom-part\">\n\t\t\t\n\t\t\t<div class=\"w-1\/2 relative pl-5\">\n\t\t\t\t\n\t\t\t\t<div class=\"-rotate-vertical absolute z-0 origin-bottom-left number left-0 bottom-full w-8 text-right\">\n\t\t\t\t\t\n\t\t\t\t\tOO2\n\t\t\t\t<\/div>\n\n\t\t\t\tVilla Cap Roig<br>\n\t\t\t\t2023 Empord\u00e0, Espa\u00f1a\n\t\t\t<\/div>\n\n\t\t\t<div class=\"w-1\/2\">\n\t\t\t\t\n\t\t\t\tResidencial<br>\n    \t\t\t500m2\n\t\t\t<\/div>\n\n\t\t<\/div>\n\n\t<\/a>\n\n<\/li>\n\n<li class=\"case-list-item grid-item mb-4 px-2 w-full md:w-1\/2 lg:w-1\/3 2xl:w-1\/4 4-residential all\">\n\n\t<a href=\"https:\/\/bloomintdesign.com\/case\/cala-santanyi\/\">\n\t\t\n\t\t<div class=\"entry-thumb ratio-v mb-3 \">\n\t\t\t\n\t\t\t<div class=\"entry-thumb-background overflow-hidden\">\n\t\t\t\t\n\t\t\t\t<img decoding=\"async\" class=\"w-full h-full object-cover\" src=\"https:\/\/bloomintdesign.com\/wp-content\/uploads\/2023\/06\/Bloomint_CalaSantanyi_0-914x1280.jpg\" alt=\"\">\n\n\t\t\t<\/div>\n\n\t\t<\/div>\n\n\t\t<div class=\"flex w-full items-start justify-between compressed text-sm bottom-part\">\n\t\t\t\n\t\t\t<div class=\"w-1\/2 relative pl-5\">\n\t\t\t\t\n\t\t\t\t<div class=\"-rotate-vertical absolute z-0 origin-bottom-left number left-0 bottom-full w-8 text-right\">\n\t\t\t\t\t\n\t\t\t\t\tOO3\n\t\t\t\t<\/div>\n\n\t\t\t\tCala Santany\u00ed<br>\n\t\t\t\t2021 Mallorca, Espa\u00f1a\n\t\t\t<\/div>\n\n\t\t\t<div class=\"w-1\/2\">\n\t\t\t\t\n\t\t\t\tResidencial<br>\n    \t\t\t350m2\n\t\t\t<\/div>\n\n\t\t<\/div>\n\n\t<\/a>\n\n<\/li>\n\n<li class=\"case-list-item grid-item mb-4 px-2 w-full md:w-1\/2 lg:w-1\/3 2xl:w-1\/4 2-workspace all\">\n\n\t<a href=\"https:\/\/bloomintdesign.com\/case\/cghh-take-away\/\">\n\t\t\n\t\t<div class=\"entry-thumb ratio-v mb-3 \">\n\t\t\t\n\t\t\t<div class=\"entry-thumb-background overflow-hidden\">\n\t\t\t\t\n\t\t\t\t<img decoding=\"async\" class=\"w-full h-full object-cover\" src=\"https:\/\/bloomintdesign.com\/wp-content\/uploads\/2022\/11\/1.Bloomint_CGHH_014-914x1280.jpg\" alt=\"\">\n\n\t\t\t<\/div>\n\n\t\t<\/div>\n\n\t\t<div class=\"flex w-full items-start justify-between compressed text-sm bottom-part\">\n\t\t\t\n\t\t\t<div class=\"w-1\/2 relative pl-5\">\n\t\t\t\t\n\t\t\t\t<div class=\"-rotate-vertical absolute z-0 origin-bottom-left number left-0 bottom-full w-8 text-right\">\n\t\t\t\t\t\n\t\t\t\t\tOO4\n\t\t\t\t<\/div>\n\n\t\t\t\tCGHH Takeaway<br>\n\t\t\t\t2021 Ginebra, Suiza\n\t\t\t<\/div>\n\n\t\t\t<div class=\"w-1\/2\">\n\t\t\t\t\n\t\t\t\tOficina<br>\n    \t\t\t350m2\n\t\t\t<\/div>\n\n\t\t<\/div>\n\n\t<\/a>\n\n<\/li>\n\n    <\/ul>\n        \n    \n<\/section>\n\n<section id=\"bcorp\" class=\"bg-bcorp bg-cover flex flex-col justify-center items-center text-center border-t border-b pl-4 pr-4 pt-16 pb-12 mt-12 border-black\">\n    <img decoding=\"async\" src=\"https:\/\/bloomintdesign.com\/wp-content\/themes\/bloomint\/assets\/img\/logo-bcorp.png\" alt=\"Logo empresa certificada\" class=\"mb-14\">\n    <h2 class=\"font-serif text-3xl mb-4\">Dise\u00f1o interior responsable<\/h2>\n    <p class=\"max-w-lg font-sans text-lg mb-8\"><\/p>\n    <a target=\"_blank\" href=\"https:\/\/www.bcorporation.net\/en-us\/find-a-b-corp\/company\/bloomint-design-sl\/\" class=\"flex gap-4 font-compressed font-normal uppercase text-lg\" rel=\"noopener\">\n    DESCUBRE M\u00c1S        <img decoding=\"async\" src=\"https:\/\/bloomintdesign.com\/wp-content\/themes\/bloomint\/assets\/img\/arrow-right-black.svg\" alt=\"Flecha derecha negra\">\n    <\/a>\n<\/section>\n\n\n<section class=\"sustainable-section flex flex-col md:flex-row items-center justify-between px-4 py-10 gap-8 md:gap-12\" style=\"color: white;\">\n  \n\t<!-- Bloque de texto con ID -->\n\t<div id=\"sustainable-text-block\" class=\"w-full md:w-1\/2\">\n\t\t<h1 class=\"font-serif text-3xl mb-4\" style=\"color: white;\">Mallorca<\/h1>\n\t\t<br><br>\n\t\t<p class=\"font-sans text-base mb-4\" style=\"color: white;\">\n\t\t  <strong>Email:<\/strong> <a href=\"mailto:mallorca@bloomintdesign.com\" class=\"text-blue-400\">mallorca@bloomintdesign.com<\/a>\n\t\t<\/p>\n\t\t<p class=\"font-sans text-base mb-4\" style=\"color: white;\">\n\t\t  <strong>Direcci\u00f3n:<\/strong> 3 Calle M\u00fasico Alonso 34\n\t\t  07008 Palma, Espa\u00f1a\n\t\t<\/p>\n\t\t<p class=\"font-sans text-base mb-4\" style=\"color: white;\">\n\t\t  <strong>Tel\u00e9fono:<\/strong> +34 616 261 981\n\t\t<\/p>\n\t<\/div>\t  \n  \n\t<!-- Bloque de imagen con ID sin margin de abajo -->\n\t<li class=\"case-list-item grid-item px-2 w-full md:w-1\/2 lg:w-1\/3 2xl:w-1\/4 2-workspace all\">\t\n\t\t\t<div class=\"entry-thumb ratio-v mb-3\">\n\n\t\t\t\t<div class=\"entry-thumb-background overflow-hidden\">\n\n\t\t\t\t\t<img decoding=\"async\" class=\"w-full h-full object-cover\" src=\"https:\/\/bloomintdesign.com\/wp-content\/uploads\/2023\/09\/Bloomint_Contacto_Mallorca-1.png\" alt=\"\">\n\n\t\t\t\t<\/div>\n\n\t\t\t<\/div>\n\n\t<\/li>\n  \n<\/section><\/p>\n","protected":false},"excerpt":{"rendered":"<p>Suscr\u00edbete a nuestro bolet\u00edn Estudio de Interiorismo en Mallorca: Espacios con Alma Mediterr\u00e1nea En Bloomint Design creamos interiores que capturan la esencia de Mallorca: luminosos, sofisticados y conectados con la naturaleza. Nuestro estudio de interiorismo acompa\u00f1a a clientes locales e internacionales en el dise\u00f1o de viviendas y espacios comerciales \u00fanicos, funcionales y llenos de vida.&nbsp; <a href=\"https:\/\/bloomintdesign.com\/es\/interiorismo-en-mallorca\/\">&hellip; Read more <i class=\"glyphicon glyphicon-arrow-right\"><\/i><\/a><\/p>\n","protected":false},"author":7,"featured_media":0,"parent":0,"menu_order":0,"comment_status":"closed","ping_status":"closed","template":"","meta":{"_acf_changed":false,"_themeisle_gutenberg_block_has_review":false,"footnotes":""},"class_list":["post-3216","page","type-page","status-publish","hentry"],"acf":[],"_links":{"self":[{"href":"https:\/\/bloomintdesign.com\/es\/wp-json\/wp\/v2\/pages\/3216","targetHints":{"allow":["GET"]}}],"collection":[{"href":"https:\/\/bloomintdesign.com\/es\/wp-json\/wp\/v2\/pages"}],"about":[{"href":"https:\/\/bloomintdesign.com\/es\/wp-json\/wp\/v2\/types\/page"}],"author":[{"embeddable":true,"href":"https:\/\/bloomintdesign.com\/es\/wp-json\/wp\/v2\/users\/7"}],"replies":[{"embeddable":true,"href":"https:\/\/bloomintdesign.com\/es\/wp-json\/wp\/v2\/comments?post=3216"}],"version-history":[{"count":3,"href":"https:\/\/bloomintdesign.com\/es\/wp-json\/wp\/v2\/pages\/3216\/revisions"}],"predecessor-version":[{"id":3252,"href":"https:\/\/bloomintdesign.com\/es\/wp-json\/wp\/v2\/pages\/3216\/revisions\/3252"}],"wp:attachment":[{"href":"https:\/\/bloomintdesign.com\/es\/wp-json\/wp\/v2\/media?parent=3216"}],"curies":[{"name":"wp","href":"https:\/\/api.w.org\/{rel}","templated":true}]}}