{"id":2211,"date":"2024-12-18T01:37:45","date_gmt":"2024-12-18T01:37:45","guid":{"rendered":"https:\/\/bloomintdesign.com\/?page_id=2211"},"modified":"2025-04-11T08:25:04","modified_gmt":"2025-04-11T08:25:04","slug":"estrategia-y-sostenibilidad","status":"publish","type":"page","link":"https:\/\/bloomintdesign.com\/es\/estrategia-y-sostenibilidad\/","title":{"rendered":"Estrategia y Sostenibilidad"},"content":{"rendered":"\n<div style=\"height:50px\" aria-hidden=\"true\" class=\"wp-block-spacer\"><\/div>\n\n\n\n<h1 class=\"wp-block-heading has-text-align-center has-large-font-size\">Dise\u00f1o de interiores: Espacios con identidad y armon\u00eda<\/h1>\n\n\n\n<div style=\"height:49px\" aria-hidden=\"true\" class=\"wp-block-spacer\"><\/div>\n\n\n\n<div id=\"service-block_333b7d1eebb9b716b939c62887a58039\" class=\"service-block pb-16 sm:pb-20 lg:pb-36 container \">\n\n\t<div class=\"wp-block-group max-w-7xl mx-auto \">\n\n\t\t<div class=\"lg:flex flex-wrap  lg:-mx-5\">\n\t\t\t\n\t\t\t<div class=\"lg:w-1\/3 lg:px-5\">\n\t\t\t\t\n\t\t\t\t<h2 class=\"mb1\">Interiorismo responsable <\/h2>\n\n\t\t\t\t<h3 class=\"text uppercase\">PROYECTOS SOSTENIBLES<\/h3>\n\n\t\t\t\t<div class=\"max-w-xl leading-normal mb-4\">Creemos en un dise\u00f1o que piensa en el futuro, con criterios s\u00f3lidos basados en la sostenibilidad de los materiales y a la proximidad de los mismos, mediante una elaborada y rigurosa selecci\u00f3n de proveedores. Dedicamos tiempo en analizar lo que encontramos en un espacio existente antes de empezar una propuesta de dise\u00f1o, desde la materialidad hasta el equipamiento que pueda adherirse de manera coherente a un nuevo uso y est\u00e9tica.  <br \/>\r\n<br \/>\r\nSomos empresa BCorp certificada desde el 2023, uni\u00e9ndonos a un movimiento global de personas que est\u00e1n transformando la econom\u00eda para beneficiar a todas las personas, las comunidades y el planeta. Un modelo de empresas sostenible y regenerativo. <br \/>\r\n<br \/>\r\nEstamos en un continuo aprendizaje colaborando con otras empresas y agentes que nos permitan avanzar juntos hacia la realizaci\u00f3n de proyectos circulares de interiorismo, y acerc\u00e1ndonos cada vez m\u00e1s a la realizaci\u00f3n de proyectos regenerativos. <\/div>\n\n\t\t\t<\/div>\n\t\t\t\n\t\t\t<div class=\"lg:w-2\/3 lg:px-5\">\n\t\t\t\t\n\t\t\t\t\n\t<div class=\"carousel\">\n\t\t\n\t\t\t<div class=\"slide\">\n\t\t\t\t<img decoding=\"async\" src=\"https:\/\/bloomintdesign.com\/wp-content\/uploads\/2025\/01\/Foto-web-BCorp.jpg\" alt=\"\">\n\t\t\t<\/div>\n\n\t\t\t<\/div>\n\n\n\t\t\t<\/div>\n\n\t\t<\/div>\n\t\t\n\t<\/div>\n\n<\/div>\n\n\n\n\n<div id=\"service-block_67361912f343da830f869d6e1855f8ce\" class=\"service-block pb-16 sm:pb-20 lg:pb-36 container \">\n\n\t<div class=\"wp-block-group max-w-7xl mx-auto \">\n\n\t\t<div class=\"lg:flex flex-wrap lg:flex-row-reverse lg:-mx-5\">\n\t\t\t\n\t\t\t<div class=\"lg:w-1\/3 lg:px-5\">\n\t\t\t\t\n\t\t\t\t<h2 class=\"mb1\">An\u00e1lisis heur\u00edstico<\/h2>\n\n\t\t\t\t<h3 class=\"text uppercase\">De d\u00f3nde partimos<\/h3>\n\n\t\t\t\t<div class=\"max-w-xl leading-normal mb-4\">Realizamos una inmersi\u00f3n profunda para obtener una imagen real de la situaci\u00f3n actual y del estado del espacio de nuestro cliente en t\u00e9rminos de experiencia del usuario y materialidad existente.<br \/>\r\nEl an\u00e1lisis evaluar\u00e1 el dise\u00f1o actual, la disposici\u00f3n del entorno y los materiales utilizados en base a criterios de superficies por material, calidades de los mismos, usabilidad y experiencia. <br \/>\r\nSe tendr\u00e1 en cuenta desde la interacci\u00f3n con el entorno f\u00edsico, el confort, la eficiencia y la salud para optimizar su experiencia. <br \/>\r\nTrabajaremos paralelamente un an\u00e1lisis phygital, varias entrevistas con las partes interesadas para una mejor extracci\u00f3n de datos, sesiones de trabajo colaborativo y un inventario del espacio a nivel de materialidad y equipamiento.<br \/>\r\n<\/div>\n\n\t\t\t<\/div>\n\t\t\t\n\t\t\t<div class=\"lg:w-2\/3 lg:px-5\">\n\t\t\t\t\n\t\t\t\t\n\t<div class=\"carousel\">\n\t\t\n\t\t\t<div class=\"slide\">\n\t\t\t\t<img decoding=\"async\" src=\"https:\/\/bloomintdesign.com\/wp-content\/uploads\/2025\/01\/Ana\u2560ulisis-heuri\u2560ustico.jpeg\" alt=\"\">\n\t\t\t<\/div>\n\n\t\t\t<\/div>\n\n\n\t\t\t<\/div>\n\n\t\t<\/div>\n\t\t\n\t<\/div>\n\n<\/div>\n\n\n\n\n<div id=\"service-block_288da1ed777aa316aa1a56f7a48a2de5\" class=\"service-block pb-16 sm:pb-20 lg:pb-36 container \">\n\n\t<div class=\"wp-block-group max-w-7xl mx-auto \">\n\n\t\t<div class=\"lg:flex flex-wrap  lg:-mx-5\">\n\t\t\t\n\t\t\t<div class=\"lg:w-1\/3 lg:px-5\">\n\t\t\t\t\n\t\t\t\t<h2 class=\"mb1\">Acompa\u00f1amiento al cambio<\/h2>\n\n\t\t\t\t<h3 class=\"text uppercase\">Estrategia e implementaci\u00f3n<\/h3>\n\n\t\t\t\t<div class=\"max-w-xl leading-normal mb-4\">Sabemos que el cambio es un proceso donde hay que implicar a todas las personas que habitar\u00e1n un nuevo espacio. De ah\u00ed nuestra labor de comunicar de manera efectiva el nuevo dise\u00f1o y conseguir una apropiaci\u00f3n de las personas que lo utilizar\u00e1n, as\u00ed como poner el foco en la reducci\u00f3n de nuestro impacto ambiental en todo el proceso de dise\u00f1o. <br \/>\r\n<br \/>\r\nA este proceso sumamos una gu\u00eda de implementaci\u00f3n por tipolog\u00eda de espacios donde se plasmen las caracter\u00edsticas, usos, funciones de cada espacio, mantenimiento y reparabilidad, adem\u00e1s de poner las bases para una escalabilidad del proyecto en diferentes ubicaciones de una manera f\u00e1cil y optimizada.<\/div>\n\n\t\t\t<\/div>\n\t\t\t\n\t\t\t<div class=\"lg:w-2\/3 lg:px-5\">\n\t\t\t\t\n\t\t\t\t\n\t<div class=\"carousel\">\n\t\t\n\t\t\t<div class=\"slide\">\n\t\t\t\t<img decoding=\"async\" src=\"https:\/\/bloomintdesign.com\/wp-content\/uploads\/2025\/01\/Acompan\u2560aamiento-al-cambio.jpeg\" alt=\"\">\n\t\t\t<\/div>\n\n\t\t\t<\/div>\n\n\n\t\t\t<\/div>\n\n\t\t<\/div>\n\t\t\n\t<\/div>\n\n<\/div>\n\n","protected":false},"excerpt":{"rendered":"<p>Dise\u00f1o de interiores: Espacios con identidad y armon\u00eda<\/p>\n","protected":false},"author":7,"featured_media":0,"parent":0,"menu_order":0,"comment_status":"closed","ping_status":"closed","template":"","meta":{"_acf_changed":false,"_themeisle_gutenberg_block_has_review":false,"footnotes":""},"class_list":["post-2211","page","type-page","status-publish","hentry"],"acf":[],"_links":{"self":[{"href":"https:\/\/bloomintdesign.com\/es\/wp-json\/wp\/v2\/pages\/2211","targetHints":{"allow":["GET"]}}],"collection":[{"href":"https:\/\/bloomintdesign.com\/es\/wp-json\/wp\/v2\/pages"}],"about":[{"href":"https:\/\/bloomintdesign.com\/es\/wp-json\/wp\/v2\/types\/page"}],"author":[{"embeddable":true,"href":"https:\/\/bloomintdesign.com\/es\/wp-json\/wp\/v2\/users\/7"}],"replies":[{"embeddable":true,"href":"https:\/\/bloomintdesign.com\/es\/wp-json\/wp\/v2\/comments?post=2211"}],"version-history":[{"count":25,"href":"https:\/\/bloomintdesign.com\/es\/wp-json\/wp\/v2\/pages\/2211\/revisions"}],"predecessor-version":[{"id":3300,"href":"https:\/\/bloomintdesign.com\/es\/wp-json\/wp\/v2\/pages\/2211\/revisions\/3300"}],"wp:attachment":[{"href":"https:\/\/bloomintdesign.com\/es\/wp-json\/wp\/v2\/media?parent=2211"}],"curies":[{"name":"wp","href":"https:\/\/api.w.org\/{rel}","templated":true}]}}