{"id":2208,"date":"2024-12-18T01:36:04","date_gmt":"2024-12-18T01:36:04","guid":{"rendered":"https:\/\/bloomintdesign.com\/?page_id=2208"},"modified":"2025-04-11T08:27:26","modified_gmt":"2025-04-11T08:27:26","slug":"diseno-de-interiores","status":"publish","type":"page","link":"https:\/\/bloomintdesign.com\/es\/diseno-de-interiores\/","title":{"rendered":"Dise\u00f1o de interiores"},"content":{"rendered":"\n<div style=\"height:50px\" aria-hidden=\"true\" class=\"wp-block-spacer\"><\/div>\n\n\n\n<h1 class=\"wp-block-heading has-text-align-center\">Dise\u00f1o de interiores: Creando espacios con identidad<\/h1>\n\n\n\n<div style=\"height:49px\" aria-hidden=\"true\" class=\"wp-block-spacer\"><\/div>\n\n\n\n<div id=\"service-block_9154b986cf7d5b3fe036b4e205a68083\" class=\"service-block pb-16 sm:pb-20 lg:pb-36 container \">\n\n\t<div class=\"wp-block-group max-w-7xl mx-auto \">\n\n\t\t<div class=\"lg:flex flex-wrap  lg:-mx-5\">\n\t\t\t\n\t\t\t<div class=\"lg:w-1\/3 lg:px-5\">\n\t\t\t\t\n\t\t\t\t<h2 class=\"mb1\">Dise\u00f1o Conceptual<\/h2>\n\n\t\t\t\t<h3 class=\"text uppercase\">Contando tu historia<\/h3>\n\n\t\t\t\t<div class=\"max-w-xl leading-normal mb-4\">Cada proyecto se trata como una oportunidad \u00fanica para entender y trabajar estrechamente con nuestros clientes, una ocasi\u00f3n para captar y mejorar sus ideas a trav\u00e9s de un proceso colaborativo. Normalmente comenzamos con una fase conceptual inicial que consiste en analizar un espacio y establecer las necesidades y requisitos espec\u00edficos de cada cliente. A partir de esto, desarrollamos un moodboard primario que ilustra las ideas conceptuales para el espacio y destaca la historia y la identidad que queremos crear. Nuestras principales fuentes de inspiraci\u00f3n provienen de los h\u00e1bitos personales y los estilos de vida contempor\u00e1neos, lo que genera una narrativa emocional entre las personas, los espacios y los objetos.<\/div>\n\n\t\t\t<\/div>\n\t\t\t\n\t\t\t<div class=\"lg:w-2\/3 lg:px-5\">\n\t\t\t\t\n\t\t\t\t\n\t<div class=\"carousel\">\n\t\t\n\t\t\t<div class=\"slide\">\n\t\t\t\t<img decoding=\"async\" src=\"https:\/\/bloomintdesign.com\/wp-content\/uploads\/2025\/01\/Disen\u2560ao-conceptual-1.jpeg\" alt=\"\">\n\t\t\t<\/div>\n\n\t\t\n\t\t\t<div class=\"slide\">\n\t\t\t\t<img decoding=\"async\" src=\"https:\/\/bloomintdesign.com\/wp-content\/uploads\/2025\/01\/Disen\u2560ao-conceptual-2.jpeg\" alt=\"\">\n\t\t\t<\/div>\n\n\t\t\t<\/div>\n\n\n\t\t\t<\/div>\n\n\t\t<\/div>\n\t\t\n\t<\/div>\n\n<\/div>\n\n\n\n\n<div id=\"service-block_ff0a1fcb3672ed818f4659d15098a81e\" class=\"service-block pb-16 sm:pb-20 lg:pb-36 container \">\n\n\t<div class=\"wp-block-group max-w-7xl mx-auto \">\n\n\t\t<div class=\"lg:flex flex-wrap lg:flex-row-reverse lg:-mx-5\">\n\t\t\t\n\t\t\t<div class=\"lg:w-1\/3 lg:px-5\">\n\t\t\t\t\n\t\t\t\t<h2 class=\"mb1\">Gesti\u00f3n de Proyectos<\/h2>\n\n\t\t\t\t<h3 class=\"text uppercase\">De principio a fin<\/h3>\n\n\t\t\t\t<div class=\"max-w-xl leading-normal mb-4\">Te acompa\u00f1amos en todo el proceso, desde el primer boceto del proyecto hasta su finalizaci\u00f3n, garantizando una relaci\u00f3n abierta y transparente con nuestros clientes. Nuestro equipo especializado organizar\u00e1 y har\u00e1 seguimiento de todas las tareas necesarias para lograr un proyecto de dise\u00f1o de interiores \u00e1gil y eficiente. Tambi\u00e9n liderar\u00e1n las fases de desarrollo e implementaci\u00f3n durante toda la asignaci\u00f3n, incluyendo la coordinaci\u00f3n, supervisi\u00f3n y toma de decisiones sobre los aspectos est\u00e9ticos y funcionales del dise\u00f1o.<\/div>\n\n\t\t\t<\/div>\n\t\t\t\n\t\t\t<div class=\"lg:w-2\/3 lg:px-5\">\n\t\t\t\t\n\t\t\t\t\n\t<div class=\"carousel\">\n\t\t\n\t\t\t<div class=\"slide\">\n\t\t\t\t<img decoding=\"async\" src=\"https:\/\/bloomintdesign.com\/wp-content\/uploads\/2025\/01\/Gestio\u2560un-de-proyectos.jpeg\" alt=\"\">\n\t\t\t<\/div>\n\n\t\t\t<\/div>\n\n\n\t\t\t<\/div>\n\n\t\t<\/div>\n\t\t\n\t<\/div>\n\n<\/div>\n\n\n\n\n<div id=\"service-block_df42328a49c696b525a6fc25f35964e9\" class=\"service-block pb-16 sm:pb-20 lg:pb-36 container \">\n\n\t<div class=\"wp-block-group max-w-7xl mx-auto \">\n\n\t\t<div class=\"lg:flex flex-wrap  lg:-mx-5\">\n\t\t\t\n\t\t\t<div class=\"lg:w-1\/3 lg:px-5\">\n\t\t\t\t\n\t\t\t\t<h2 class=\"mb1\">Dise\u00f1o, Selecci\u00f3n y Compra de Mobiliario<\/h2>\n\n\t\t\t\t<h3 class=\"text uppercase\">Equipamiento de espacios<\/h3>\n\n\t\t\t\t<div class=\"max-w-xl leading-normal mb-4\">Nuestra atenci\u00f3n al detalle es incomparable, sin dejar nada al azar en el desarrollo e implementaci\u00f3n de tu proyecto. Dise\u00f1amos mobiliario a medida con planes detallados y aplicamos un proceso de selecci\u00f3n minucioso para todos los muebles, textiles y elementos decorativos de estilo mediterr\u00e1neo, de acuerdo con el presupuesto del proyecto. Este proceso incluye la gesti\u00f3n de pedidos y el seguimiento de env\u00edos, la administraci\u00f3n de los costos de transporte, la organizaci\u00f3n del montaje, as\u00ed como la limpieza y acondicionamiento tras la finalizaci\u00f3n del proyecto. Nuestro equipo est\u00e1 enfocado en la calidad y trabaja con materiales de alta gama y artesanos altamente capacitados.<\/div>\n\n\t\t\t<\/div>\n\t\t\t\n\t\t\t<div class=\"lg:w-2\/3 lg:px-5\">\n\t\t\t\t\n\t\t\t\t\n\t<div class=\"carousel\">\n\t\t\n\t\t\t<div class=\"slide\">\n\t\t\t\t<img decoding=\"async\" src=\"https:\/\/bloomintdesign.com\/wp-content\/uploads\/2025\/01\/Disen\u2560ao-seleccio\u2560un-y-compra-de-mobiliario.jpeg\" alt=\"\">\n\t\t\t<\/div>\n\n\t\t\t<\/div>\n\n\n\t\t\t<\/div>\n\n\t\t<\/div>\n\t\t\n\t<\/div>\n\n<\/div>\n\n\n\n\n<div id=\"service-block_af89c9ae28a1af806b87c49971dcafe6\" class=\"service-block pb-16 sm:pb-20 lg:pb-36 container \">\n\n\t<div class=\"wp-block-group max-w-7xl mx-auto \">\n\n\t\t<div class=\"lg:flex flex-wrap lg:flex-row-reverse lg:-mx-5\">\n\t\t\t\n\t\t\t<div class=\"lg:w-1\/3 lg:px-5\">\n\t\t\t\t\n\t\t\t\t<h2 class=\"mb1\">Mobiliario a medida<\/h2>\n\n\t\t\t\t<h3 class=\"text uppercase\">Hasta el detalle<\/h3>\n\n\t\t\t\t<div class=\"max-w-xl leading-normal mb-4\">Creamos piezas a medida m\u00e1s all\u00e1 del aspecto est\u00e9tico. Surgen de la necesidad de crear espacios a escala humana que se adapten al modo de vida o de trabajo de nuestros clientes. <br \/>\r\nNos encargamos de todo el desarrollo t\u00e9cnico, coordinaci\u00f3n de industriales y artesanos implicados en su ejecuci\u00f3n seg\u00fan nuestros dise\u00f1os. <br \/>\r\nNuestro asesoramiento es a medida y personalizado, orientando a nuestros clientes sobre la selecci\u00f3n de materiales que mejor se adapten al proyecto. <br \/>\r\n<\/div>\n\n\t\t\t<\/div>\n\t\t\t\n\t\t\t<div class=\"lg:w-2\/3 lg:px-5\">\n\t\t\t\t\n\t\t\t\t\n\t<div class=\"carousel\">\n\t\t\n\t\t\t<div class=\"slide\">\n\t\t\t\t<img decoding=\"async\" src=\"https:\/\/bloomintdesign.com\/wp-content\/uploads\/2025\/01\/A-medida.jpeg\" alt=\"\">\n\t\t\t<\/div>\n\n\t\t\t<\/div>\n\n\n\t\t\t<\/div>\n\n\t\t<\/div>\n\t\t\n\t<\/div>\n\n<\/div>\n\n","protected":false},"excerpt":{"rendered":"<p>Dise\u00f1o de interiores: Creando espacios con identidad<\/p>\n","protected":false},"author":7,"featured_media":0,"parent":0,"menu_order":0,"comment_status":"closed","ping_status":"closed","template":"","meta":{"_acf_changed":false,"_themeisle_gutenberg_block_has_review":false,"footnotes":""},"class_list":["post-2208","page","type-page","status-publish","hentry"],"acf":[],"_links":{"self":[{"href":"https:\/\/bloomintdesign.com\/es\/wp-json\/wp\/v2\/pages\/2208","targetHints":{"allow":["GET"]}}],"collection":[{"href":"https:\/\/bloomintdesign.com\/es\/wp-json\/wp\/v2\/pages"}],"about":[{"href":"https:\/\/bloomintdesign.com\/es\/wp-json\/wp\/v2\/types\/page"}],"author":[{"embeddable":true,"href":"https:\/\/bloomintdesign.com\/es\/wp-json\/wp\/v2\/users\/7"}],"replies":[{"embeddable":true,"href":"https:\/\/bloomintdesign.com\/es\/wp-json\/wp\/v2\/comments?post=2208"}],"version-history":[{"count":8,"href":"https:\/\/bloomintdesign.com\/es\/wp-json\/wp\/v2\/pages\/2208\/revisions"}],"predecessor-version":[{"id":3305,"href":"https:\/\/bloomintdesign.com\/es\/wp-json\/wp\/v2\/pages\/2208\/revisions\/3305"}],"wp:attachment":[{"href":"https:\/\/bloomintdesign.com\/es\/wp-json\/wp\/v2\/media?parent=2208"}],"curies":[{"name":"wp","href":"https:\/\/api.w.org\/{rel}","templated":true}]}}