{"id":1152,"date":"2022-02-21T09:02:09","date_gmt":"2022-02-21T09:02:09","guid":{"rendered":"https:\/\/2022.bloomintdesign.com\/privacy-policy\/"},"modified":"2022-07-01T09:37:11","modified_gmt":"2022-07-01T09:37:11","slug":"privacy-policy","status":"publish","type":"page","link":"https:\/\/bloomintdesign.com\/es\/privacy-policy\/","title":{"rendered":"Pol\u00edtica de privacidad"},"content":{"rendered":"\n<div id=\"max-w-group-block_621927a35d497\" class=\"max-w-group \">\n\n\t<div class=\"wp-block-group max-w-4xl mx-auto pb-20 container\">\n\n\t\t<div class=\"wp-block-group__inner-container\">\n\t\t\t\n\t\t\t\n\n<h2 class=\"wp-block-heading\">Pol\u00edtica de privacidad<\/h2>\n\n\n\n<p><strong>Responsable:<br><\/strong>BLOOMINT DESIGN S.L.<\/p>\n\n\n\n<p><strong>Finalidad:<br><\/strong>Informar de los proyectos llevados a cabo por <strong><a href=\"https:\/\/bloomintdesign.com\/es\/\" data-type=\"page\" data-id=\"1140\">Bloomint Design Barcelona<\/a><\/strong>, exposici\u00f3n de productos, promociones y blog.<\/p>\n\n\n\n<p><strong>Legitimaci\u00f3n:<br><\/strong>Consentimiento del interesado.<\/p>\n\n\n\n<p><strong>Destinatarios:<br><\/strong>Particulares y empresas.<\/p>\n\n\n\n<p><strong>Derechos:<br><\/strong>Acceso, rectificaci\u00f3n, supresi\u00f3n de los datos, as\u00ed como de la portabilidad.<\/p>\n\n\n\n<p>La presente Pol\u00edtica de Protecci\u00f3n de datos regula el tratamiento de datos personales facilitados por el Usuario a trav\u00e9s de la web www.bloomintdesign.com, de servicios profesionales de interiorismo, que pone a disposici\u00f3n de los usuarios de Internet.<\/p>\n\n\n\n<p>Como norma general, la utilizaci\u00f3n de la web www.bloomintdesign.com no requiere como condici\u00f3n previa que los usuarios revelen sus datos personales. Sin embargo, en aquellos supuestos en que el usuario comunique sus datos personales a Bloomint Design S.L., esta entidad garantiza la confidencialidad, as\u00ed como el cumplimiento de toda la normativa anteriormente mencionada (o aquella que la pueda complementar o sustituir), por lo que, adoptar\u00e1 las medidas t\u00e9cnicas necesarias para mantener el nivel de seguridad requerido.<\/p>\n\n\n\n<p>Los datos que Bloomint Design S.L. solicite o que los usuarios faciliten, ser\u00e1n tratados conforme al nuevo Reglamento General de Protecci\u00f3n de Datos (RGPD) 2016\/679 del Parlamento Europeo y del Consejo y se utilizar\u00e1n de acuerdo con las siguientes finalidades:<\/p>\n\n\n\n<p><strong>Finalidad del tratamiento:<br><\/strong>Bloomint Design, S.L., trata la informaci\u00f3n facilitada por el Usuario con el fin de informar de las \u00faltimas novedades en materia de interiorismo, informar de nuevos proyectos, enviar presupuestos, enviar informaci\u00f3n solicitada por el usuario, enviar art\u00edculos en el blog. Asimismo, Bloomint Design, S.L. podr\u00e1 enviar informaci\u00f3n a trav\u00e9s del correo electr\u00f3nico facilitado por el usuario sobre servicios o informaci\u00f3n que pueda ser de inter\u00e9s para el usuario.<\/p>\n\n\n\n<p>El consentimiento para el env\u00edo de dichas comunicaciones podr\u00e1 ser revocado en todo momento en cada una de las comunicaciones recibidas mediante el mecanismo habilitado al efecto.<\/p>\n\n\n\n<p>Bloomint Design S.L., elaborar\u00e1 un perfil comercial, con base a la informaci\u00f3n facilitada.<\/p>\n\n\n\n<p>Bloomint Design S.L., garantiza el cumplimiento de la protecci\u00f3n de datos de car\u00e1cter personal, as\u00ed como la implantaci\u00f3n de las medidas de seguridad recogidas en el nuevo reglamento general de protecci\u00f3n de datos (RGPD) 2016\/679 del Parlamento Europeo y del Consejo.<\/p>\n\n\n\n<p>El usuario debe realizar un uso l\u00edcito de la presente p\u00e1gina web y sus servicios, de acuerdo con los presentes t\u00e9rminos y condiciones de uso y la legalidad vigente.<\/p>\n\n\n\n<p>Bloomint Design S.L. podr\u00e1 modificar unilateralmente los t\u00e9rminos y condiciones de uso de esta p\u00e1gina web mediante la publicaci\u00f3n de este aviso legal y producir\u00e1 efecto desde el mismo momento de su publicaci\u00f3n. Estas modificaciones podr\u00e1n ser comunicadas personalmente a los usuarios registrados cuando supongan una variaci\u00f3n en las condiciones establecidas, en relaci\u00f3n con su condici\u00f3n de Usuario.<\/p>\n\n\n\n<p>El Usuario garantiza que los datos aportados son verdaderos, exactos, completos y actualizados, siendo responsable de cualquier da\u00f1o o perjuicio, directo o indirecto, que pudiera ocasionarse como consecuencia del incumplimiento de tal obligaci\u00f3n. En el caso de que los datos aportados pertenecieran a un tercero, el usuario garantiza que ha informado a dicho tercero de los aspectos contenidos en este documento y obtenido su autorizaci\u00f3n para facilitar sus datos a Bloomint Design S.L. para los fines se\u00f1alados.<\/p>\n\n\n\n<p>La web puede ofrecer funcionalidades para compartir contenidos a trav\u00e9s de aplicaciones de terceros, como Facebook o Twitter. Estas aplicaciones pueden recoger y tratar informaci\u00f3n relacionada con la navegaci\u00f3n del usuario en los diferentes sitios webs. Cualquier informaci\u00f3n personal que sea recabada a trav\u00e9s de estas aplicaciones, puede ser utilizada por terceros usuarios de estas, y sus interacciones est\u00e1n sometidas a las pol\u00edticas de privacidad de las compa\u00f1\u00edas que facilitan las aplicaciones.<\/p>\n\n\n\n<p>El responsable del tratamiento de los datos personales del usuario es Bloomint Design S.L..<\/p>\n\n\n\n<p><strong>Navegaci\u00f3n:<br><\/strong>Bloomint Design S.L. no se responsabiliza ni garantiza que el acceso a la P\u00e1gina Web sea ininterrumpido o que est\u00e9 libre de error. Tampoco se responsabiliza o garantiza que el contenido o software al que pueda accederse a trav\u00e9s de la P\u00e1gina Web est\u00e9 libre de error o cause ning\u00fan da\u00f1o. En ning\u00fan caso, Bloomint Design S.L. ser\u00e1 responsable por las p\u00e9rdidas, da\u00f1os o perjuicios de cualquier tipo que surjan por el acceso y navegaci\u00f3n por la P\u00e1gina Web, incluy\u00e9ndose, pero no limit\u00e1ndose, a los ocasionados a los sistemas inform\u00e1ticos o los provocados por la introducci\u00f3n de virus.<\/p>\n\n\n\n<p>Bloomint Design S.L. no se hace responsable de los da\u00f1os que se puedan ocasionar a los usuarios por un uso inadecuado de la P\u00e1gina Web. En particular, no se hace responsable de ninguna manera de las ca\u00eddas, interrupciones, falta o defecto de las telecomunicaciones que pudieran ocurrir mientras el usuario navega por ella.<\/p>\n\n\n\n<p><strong>Conservaci\u00f3n de los datos:<br><\/strong>Los datos personales proporcionados se conservar\u00e1n durante el tiempo necesario para atender la solicitud del usuario o mientras no se solicite los derechos de acceso, rectificaci\u00f3n, cancelaci\u00f3n oposici\u00f3n o portabilidad por el &nbsp;usuario a nuestro correo electr\u00f3nico: info@bloomintdesign.com o a la direcci\u00f3n de: Pere IV, 29-35, 1\u00ba4\u00aa 08018 \u2013 Barcelona.<\/p>\n\n\n\n<p>Asimismo, el criterio de conservaci\u00f3n de los datos s\u00f3lo se conservar\u00e1 a\u00fan despu\u00e9s de que el cliente solicite sus derechos, por obligaciones legales.<\/p>\n\n\n\n<p><strong>Confidencialidad:<br><\/strong>Bloomint Design S.L, se obliga a guardar secreto y confidencialidad de cualquier informaci\u00f3n facilitada por el usuario. \u00danicamente se podr\u00e1n comunicar sus datos a entidades bancarias en caso de una relaci\u00f3n comercial, organismos p\u00fablicos u otras entidades necesarias para realizar el servicio.<\/p>\n\n\n\n<p><strong>Derechos del usuario:<br><\/strong>El usuario tiene derecho a obtener informaci\u00f3n sobre si Bloomint Design S.L. trata datos personales que le conciernen, as\u00ed como a acceder a sus datos personales, solicitar la rectificaci\u00f3n de los datos inexactos o, en su caso, solicitar su supresi\u00f3n cuando, entre otros motivos, los datos ya no sean necesarios para los fines que fueron recogidos.<\/p>\n\n\n\n<p>En determinadas circunstancias, el usuario podr\u00e1 solicitar la limitaci\u00f3n del tratamiento de sus datos, en cuyo caso \u00fanicamente se conservar\u00e1n para las obligaciones legales.<\/p>\n\n\n\n<p>El usuario podr\u00e1 plantear las cuestiones que considere en relaci\u00f3n con la presente Pol\u00edtica, as\u00ed como ejercer sus derechos en los t\u00e9rminos legalmente previstos debiendo para ello dirigir una comunicaci\u00f3n mediante correo electr\u00f3nico a:&nbsp;info@bloomintdesign.com&nbsp;con indicaci\u00f3n de la solicitud correspondiente y acompa\u00f1ado de copia del DNI o documento acreditativo de la identidad.<\/p>\n\n\n\n<p>En caso de no obtener satisfacci\u00f3n en el ejercicio de sus derechos, podr\u00e1 presentar una reclamaci\u00f3n ante la Agencia Espa\u00f1ola de Protecci\u00f3n de Datos a trav\u00e9s de su sede electr\u00f3nica, en presentaci\u00f3n de una reclamaci\u00f3n de tutela de derechos.<\/p>\n\n\n\n<p><strong>Propiedad Intelectual e Industrial:<br><\/strong>El nombre del dominio www.bloomintdesign.com&nbsp;es propiedad de Bloomint Design S.L. La p\u00e1gina web www.bloomintdesign.com en su totalidad, incluyendo su dise\u00f1o, estructura, distribuci\u00f3n, respuestas a las consultas realizadas por los usuarios, textos, contenidos, logotipos, botones, im\u00e1genes, dibujos, c\u00f3digo fuente, documentaci\u00f3n, as\u00ed como todos los derechos de propiedad intelectual \u2022 intelectual e industrial y cualquier otro signo distintivo pertenecen a Bloomint Design S.L.<\/p>\n\n\n\n<p>En concreto, queda prohibida la reproducci\u00f3n, la transformaci\u00f3n, distribuci\u00f3n, comunicaci\u00f3n p\u00fablica, puesta a disposici\u00f3n del p\u00fablico o cualquier otra explotaci\u00f3n de los contenidos de la p\u00e1gina web&nbsp;www.bloomintdesign.com, sin el consentimiento escrito del titular. A estos efectos, el interesado deber\u00e1 dirigirse a la entidad.<\/p>\n\n\n\n<p>Bloomint Design S.L. se reserva la posibilidad de ejercer las acciones judiciales que correspondan contra los usuarios que violen o infrinjan los derechos de propiedad intelectual e industrial.<\/p>\n\n\n\n<p><strong>Jurisdicci\u00f3n Competente:<br><\/strong>Para la resoluci\u00f3n de cualquier cuesti\u00f3n, divergencia, conflicto o problema que pudiera suscitarse sobre la interpretaci\u00f3n, aplicaci\u00f3n y cumplimiento de la presente pol\u00edtica, con la renuncia de forma expresa a cualquier otro fuero que pudiera corresponder al usuario y sin perjuicio de la competencia que resulte por el Ministerio de Ley, el usuario se somete voluntariamente y de forma expresa a los Juzgados y Tribunales de la ciudad de Barcelona.<\/p>\n\n\n\n<p>Bloomint Design S.L. ha sido beneficiaria del Fondo Europeo de Desarrollo Regional cuyo objetivo es mejorar la competitividad de las Pymes y gracias al cual ha puesto en marcha un Plan de Marketing Digital Internacional con el objetivo de mejorar su posicionamiento online en mercados exteriores durante el a\u00f1o 2020. Para ello ha contado con el apoyo del programa XPANDE DIGITAL de la C\u00e1mara de Comercio de Barcelona.<\/p>\n\n\n\n<figure class=\"wp-block-image\"><img decoding=\"async\" src=\"https:\/\/bloomintdesign.com\/wp-content\/uploads\/2020\/12\/Logos_camara_bloomint-1024x131.png\" alt=\"\" class=\"wp-image-3919\"\/><\/figure>\n\n\n\t\t\t\n\t\t<\/div>\n\t\t\n\t<\/div>\n\n<\/div>\n\n","protected":false},"excerpt":{"rendered":"","protected":false},"author":3,"featured_media":0,"parent":0,"menu_order":100,"comment_status":"closed","ping_status":"closed","template":"","meta":{"_acf_changed":false,"_themeisle_gutenberg_block_has_review":false,"footnotes":""},"class_list":["post-1152","page","type-page","status-publish","hentry"],"acf":[],"_links":{"self":[{"href":"https:\/\/bloomintdesign.com\/es\/wp-json\/wp\/v2\/pages\/1152","targetHints":{"allow":["GET"]}}],"collection":[{"href":"https:\/\/bloomintdesign.com\/es\/wp-json\/wp\/v2\/pages"}],"about":[{"href":"https:\/\/bloomintdesign.com\/es\/wp-json\/wp\/v2\/types\/page"}],"author":[{"embeddable":true,"href":"https:\/\/bloomintdesign.com\/es\/wp-json\/wp\/v2\/users\/3"}],"replies":[{"embeddable":true,"href":"https:\/\/bloomintdesign.com\/es\/wp-json\/wp\/v2\/comments?post=1152"}],"version-history":[{"count":2,"href":"https:\/\/bloomintdesign.com\/es\/wp-json\/wp\/v2\/pages\/1152\/revisions"}],"predecessor-version":[{"id":1460,"href":"https:\/\/bloomintdesign.com\/es\/wp-json\/wp\/v2\/pages\/1152\/revisions\/1460"}],"wp:attachment":[{"href":"https:\/\/bloomintdesign.com\/es\/wp-json\/wp\/v2\/media?parent=1152"}],"curies":[{"name":"wp","href":"https:\/\/api.w.org\/{rel}","templated":true}]}}