{"id":1150,"date":"2022-02-21T09:07:10","date_gmt":"2022-02-21T09:07:10","guid":{"rendered":"https:\/\/2022.bloomintdesign.com\/cookies-polcy\/"},"modified":"2022-07-01T09:39:38","modified_gmt":"2022-07-01T09:39:38","slug":"cookies-polcy","status":"publish","type":"page","link":"https:\/\/bloomintdesign.com\/es\/cookies-polcy\/","title":{"rendered":"Pol\u00edtica de cookies"},"content":{"rendered":"\n<div id=\"max-w-group-block_621927a35d497\" class=\"max-w-group \">\n\n\t<div class=\"wp-block-group max-w-4xl mx-auto pb-20 container\">\n\n\t\t<div class=\"wp-block-group__inner-container\">\n\t\t\t\n\t\t\t\n\n<h2 class=\"wp-block-heading\">Pol\u00edtica de cookies<\/h2>\n\n\n\n<p>Utilizamos cookies para medir y gestionar las visitas a la Web, as\u00ed como para poder recordar los usuarios que acceden a la misma. Si usted contin\u00faa navegando, consideramos que acepta su uso.<\/p>\n\n\n\n<p>Esta Web utiliza cookies propias y de terceros para ofrecerle una mejor experiencia y servicio. Al navegar o utilizar nuestros servicios el usuario acepta el uso que hacemos de las cookies. Sin embargo, el usuario tiene la opci\u00f3n de impedir la generaci\u00f3n de cookies y la eliminaci\u00f3n de estas mediante la selecci\u00f3n de la correspondiente opci\u00f3n en su Navegador. En caso de bloquear el uso de cookies en su navegador es posible que algunos servicios o funcionalidades de la p\u00e1gina Web no est\u00e9n disponibles.<\/p>\n\n\n\n<p>Una cookie es un peque\u00f1o fragmento de texto que los sitios Web env\u00edan al navegador y que se almacenan en el terminal del usuario, el cual puede ser un ordenador personal, un tel\u00e9fono m\u00f3vil, un tablet, etc. Estos archivos permiten que el sitio Web recuerde informaci\u00f3n sobre su visita, como el idioma y las opciones preferidas, lo que puede facilitar su pr\u00f3xima visita y hacer que el sitio resulte m\u00e1s \u00fatil al personalizar su contenido. Las cookies desempe\u00f1an un papel muy importante, al mejorar la experiencia de uso de la Web.<\/p>\n\n\n\t\t\t\n\t\t<\/div>\n\t\t\n\t<\/div>\n\n<\/div>\n\n","protected":false},"excerpt":{"rendered":"","protected":false},"author":3,"featured_media":0,"parent":0,"menu_order":99,"comment_status":"closed","ping_status":"closed","template":"","meta":{"_acf_changed":false,"_themeisle_gutenberg_block_has_review":false,"footnotes":""},"class_list":["post-1150","page","type-page","status-publish","hentry"],"acf":[],"_links":{"self":[{"href":"https:\/\/bloomintdesign.com\/es\/wp-json\/wp\/v2\/pages\/1150","targetHints":{"allow":["GET"]}}],"collection":[{"href":"https:\/\/bloomintdesign.com\/es\/wp-json\/wp\/v2\/pages"}],"about":[{"href":"https:\/\/bloomintdesign.com\/es\/wp-json\/wp\/v2\/types\/page"}],"author":[{"embeddable":true,"href":"https:\/\/bloomintdesign.com\/es\/wp-json\/wp\/v2\/users\/3"}],"replies":[{"embeddable":true,"href":"https:\/\/bloomintdesign.com\/es\/wp-json\/wp\/v2\/comments?post=1150"}],"version-history":[{"count":3,"href":"https:\/\/bloomintdesign.com\/es\/wp-json\/wp\/v2\/pages\/1150\/revisions"}],"predecessor-version":[{"id":1462,"href":"https:\/\/bloomintdesign.com\/es\/wp-json\/wp\/v2\/pages\/1150\/revisions\/1462"}],"wp:attachment":[{"href":"https:\/\/bloomintdesign.com\/es\/wp-json\/wp\/v2\/media?parent=1150"}],"curies":[{"name":"wp","href":"https:\/\/api.w.org\/{rel}","templated":true}]}}